{"id":16706,"date":"2024-04-15T13:40:06","date_gmt":"2024-04-15T05:40:06","guid":{"rendered":"https:\/\/www.sedgwick-richardson.com\/?page_id=16706"},"modified":"2025-07-09T22:58:37","modified_gmt":"2025-07-09T14:58:37","slug":"creating-value","status":"publish","type":"page","link":"https:\/\/sedgwick-richardson.com\/vi\/expertise\/creating-value\/","title":{"rendered":"Ki\u1ebfn T\u1ea1o Gi\u00e1 Tr\u1ecb B\u1ec1n V\u1eefng Th\u00f4ng Qua X\u00e2y D\u1ef1ng Th\u01b0\u01a1ng Hi\u1ec7u C\u00f3 M\u1ee5c \u0110\u00edch"},"content":{"rendered":"\n<h4 class=\"wp-block-heading content-intro\">C\u00e1c doanh nghi\u1ec7p \u0111ang \u0111\u1ee9ng tr\u01b0\u1edbc m\u1ed9t b\u01b0\u1edbc chuy\u1ec3n l\u1edbn trong c\u00e1ch \u0111\u01b0\u1ee3c nh\u00ecn nh\u1eadn, \u0111\u00e1nh gi\u00e1 v\u00e0 ki\u1ebfn t\u1ea1o gi\u00e1 tr\u1ecb cho c\u1ed9ng \u0111\u1ed3ng.<br><br>Nh\u1eefng th\u01b0\u01a1ng hi\u1ec7u d\u1eabn \u0111\u1ea7u ng\u00e0y nay \u0111\u01b0\u1ee3c h\u00ecnh th\u00e0nh tr\u00ean n\u1ec1n t\u1ea3ng chi\u1ebfn l\u01b0\u1ee3c v\u1eefng ch\u1eafc, g\u1eafn li\u1ec1n v\u1edbi cam k\u1ebft ph\u00e1t tri\u1ec3n b\u1ec1n v\u1eefng c\u00f3 th\u1ec3 \u0111o l\u01b0\u1eddng \u0111\u01b0\u1ee3c, \u0111\u1ec3 hi\u1ec7n th\u1ef1c h\u00f3a m\u1ee5c \u0111\u00edch th\u01b0\u01a1ng hi\u1ec7u r\u00f5 r\u00e0ng v\u00e0 \u00fd ngh\u0129a.<\/h4>\n\n\n\n<p class=\"p-content\">K\u1ebft h\u1ee3p ki\u1ebfn th\u1ee9c chuy\u00ean s\u00e2u v\u1ec1 ph\u00e1t tri\u1ec3n b\u1ec1n v\u1eefng v\u00e0 x\u00e2y d\u1ef1ng th\u01b0\u01a1ng hi\u1ec7u, ch\u00fang t\u00f4i h\u1ee3p t\u00e1c v\u1edbi c\u00e1c doanh nghi\u1ec7p l\u1edbn l\u1eabn c\u00e1c start-up \u0111\u1ec3 ph\u00e1t huy s\u1ee9c m\u1ea1nh c\u1ee7a m\u1ee5c \u0111\u00edch th\u01b0\u01a1ng hi\u1ec7u.<\/p>\n\n\n\n<p class=\"p-content\">Ch\u00fang t\u00f4i n\u1eafm b\u1eaft v\u00e0 hi\u1ec3u \u0111\u01b0\u1ee3c s\u1ef1 kh\u00e1c nhau gi\u1eefa c\u00e1c th\u1ecb tr\u01b0\u1eddng v\u00e0 v\u0103n h\u00f3a \u0111\u1ec3 gi\u00fap c\u00e1c doanh nghi\u1ec7p khi th\u01b0\u01a1ng hi\u1ec7u:&nbsp;<\/p>\n\n\n\n<ul class=\"wp-block-list\">\n<li>M\u1edbi h\u00ecnh th\u00e0nh v\u00e0 c\u1ea7n thi\u1ebft l\u1eadp s\u1ef1 ch\u1ea5p nh\u1eadn t\u1eeb th\u1ecb tr\u01b0\u1eddng<\/li>\n\n\n\n<li>Cam k\u1ebft v\u1edbi m\u1ed9t m\u1ee5c \u0111\u00edch t\u1ea1o ra gi\u00e1 tr\u1ecb chung cho t\u1ea5t c\u1ea3 c\u00e1c b\u00ean li\u00ean quan<\/li>\n\n\n\n<li>\u0110ang m\u1edf r\u1ed9ng sang th\u1ecb tr\u01b0\u1eddng m\u1edbi v\u00e0 m\u1edf r\u1ed9ng d\u1ecbch v\u1ee5 ho\u1eb7c s\u1ea3n ph\u1ea9m<\/li>\n\n\n\n<li>Thi\u1ebfu m\u1ed9t chi\u1ebfn l\u01b0\u1ee3c b\u1ec1n v\u1eefng kh\u00e1c bi\u1ec7t v\u00e0 \u0111\u00e1ng tin c\u1eady<\/li>\n\n\n\n<li>\u0110\u1ed1i m\u1eb7t v\u1edbi s\u1ef1 thay \u0111\u1ed5i k\u1ef3 v\u1ecdng c\u1ee7a c\u00e1c b\u00ean li\u00ean quan v\u00e0 kh\u00e1ch h\u00e0ng<\/li>\n\n\n\n<li>Tr\u1ea3i qua qu\u00e1 tr\u00ecnh s\u00e1p nh\u1eadp ho\u1eb7c mua l\u1ea1i<\/li>\n\n\n\n<li>Th\u00fac \u0111\u1ea9y chuy\u1ec3n \u0111\u1ed5i v\u00e0 ph\u00e1t tri\u1ec3n c\u00e1c gi\u00e1 tr\u1ecb m\u1edbi<\/li>\n\n\n\n<li>Thu h\u00fat v\u00e0 gi\u1eef ch\u00e2n nh\u00e2n t\u00e0i<\/li>\n<\/ul>\n\n\n\n<p class=\"p-normal contact-link\">N\u1ebfu b\u1ea1n hay doanh nghi\u1ec7p c\u1ee7a b\u1ea1n \u0111ang \u0111\u1ed1i m\u1eb7t v\u1edbi b\u1ea5t k\u1ef3 th\u00e1ch th\u1ee9c n\u00e0o n\u00eau tr\u00ean, ho\u1eb7c ch\u1ec9 \u0111\u01a1n gi\u1ea3n l\u00e0 b\u1ea1n \u0111\u00e3 s\u1eb5n s\u00e0ng \u0111\u1ec3 \u0111\u1ecbnh h\u00ecnh l\u1ea1i t\u00e1c \u0111\u1ed9ng b\u1ec1n v\u1eefng c\u1ee7a th\u01b0\u01a1ng hi\u1ec7u,<strong> <\/strong><a data-type=\"URL\" data-id=\"\/#\" href=\"\/#\">h\u00e3y li\u00ean h\u1ec7 v\u1edbi ch\u00fang t\u00f4i<\/a>.<\/p>\n","protected":false},"excerpt":{"rendered":"<p>M\u1ee5c \u0110\u00edch Th\u01b0\u01a1ng Hi\u1ec7u<\/p>\n","protected":false},"author":1,"featured_media":0,"parent":6683,"menu_order":4,"comment_status":"closed","ping_status":"closed","template":"views\/template-expertise.blade.php","meta":{"om_disable_all_campaigns":false,"_monsterinsights_skip_tracking":false,"_monsterinsights_sitenote_active":false,"_monsterinsights_sitenote_note":"","_monsterinsights_sitenote_category":0,"footnotes":""},"class_list":["post-16706","page","type-page","status-publish","hentry"],"acf":[],"yoast_head":"<!-- This site is optimized with the Yoast SEO plugin v27.2 - https:\/\/yoast.com\/product\/yoast-seo-wordpress\/ -->\n<title>Ki\u1ebfn T\u1ea1o Gi\u00e1 Tr\u1ecb B\u1ec1n V\u1eefng Th\u00f4ng Qua X\u00e2y D\u1ef1ng Th\u01b0\u01a1ng Hi\u1ec7u C\u00f3 M\u1ee5c \u0110\u00edch - Sedgwick Richardson<\/title>\n<meta name=\"robots\" content=\"index, follow, max-snippet:-1, max-image-preview:large, max-video-preview:-1\" \/>\n<link rel=\"canonical\" href=\"https:\/\/sedgwick-richardson.com\/vi\/expertise\/creating-value\/\" \/>\n<meta property=\"og:locale\" content=\"vi_VN\" \/>\n<meta property=\"og:type\" content=\"article\" \/>\n<meta property=\"og:title\" content=\"Ki\u1ebfn T\u1ea1o Gi\u00e1 Tr\u1ecb B\u1ec1n V\u1eefng Th\u00f4ng Qua X\u00e2y D\u1ef1ng Th\u01b0\u01a1ng Hi\u1ec7u C\u00f3 M\u1ee5c \u0110\u00edch - Sedgwick Richardson\" \/>\n<meta property=\"og:description\" content=\"M\u1ee5c \u0110\u00edch Th\u01b0\u01a1ng Hi\u1ec7u\" \/>\n<meta property=\"og:url\" content=\"https:\/\/sedgwick-richardson.com\/vi\/expertise\/creating-value\/\" \/>\n<meta property=\"og:site_name\" content=\"Sedgwick Richardson\" \/>\n<meta property=\"article:publisher\" content=\"https:\/\/www.facebook.com\/sedgwickrichardson\/\" \/>\n<meta property=\"article:modified_time\" content=\"2025-07-09T14:58:37+00:00\" \/>\n<meta name=\"twitter:card\" content=\"summary_large_image\" \/>\n<meta name=\"twitter:label1\" content=\"Est. reading time\" \/>\n\t<meta name=\"twitter:data1\" content=\"1 minute\" \/>\n<script type=\"application\/ld+json\" class=\"yoast-schema-graph\">{\"@context\":\"https:\/\/schema.org\",\"@graph\":[{\"@type\":\"WebPage\",\"@id\":\"https:\/\/sedgwick-richardson.com\/vi\/expertise\/creating-value\/\",\"url\":\"https:\/\/sedgwick-richardson.com\/vi\/expertise\/creating-value\/\",\"name\":\"Ki\u1ebfn T\u1ea1o Gi\u00e1 Tr\u1ecb B\u1ec1n V\u1eefng Th\u00f4ng Qua X\u00e2y D\u1ef1ng Th\u01b0\u01a1ng Hi\u1ec7u C\u00f3 M\u1ee5c \u0110\u00edch - Sedgwick Richardson\",\"isPartOf\":{\"@id\":\"https:\/\/www.sedgwick-richardson.com\/#website\"},\"datePublished\":\"2024-04-15T05:40:06+00:00\",\"dateModified\":\"2025-07-09T14:58:37+00:00\",\"breadcrumb\":{\"@id\":\"https:\/\/sedgwick-richardson.com\/vi\/expertise\/creating-value\/#breadcrumb\"},\"inLanguage\":\"vi-VN\",\"potentialAction\":[{\"@type\":\"ReadAction\",\"target\":[\"https:\/\/sedgwick-richardson.com\/vi\/expertise\/creating-value\/\"]}]},{\"@type\":\"BreadcrumbList\",\"@id\":\"https:\/\/sedgwick-richardson.com\/vi\/expertise\/creating-value\/#breadcrumb\",\"itemListElement\":[{\"@type\":\"ListItem\",\"position\":1,\"name\":\"Chuy\u00ean m\u00f4n\",\"item\":\"https:\/\/sedgwick-richardson.com\/vi\/expertise\/\"},{\"@type\":\"ListItem\",\"position\":2,\"name\":\"Ki\u1ebfn T\u1ea1o Gi\u00e1 Tr\u1ecb B\u1ec1n V\u1eefng Th\u00f4ng Qua X\u00e2y D\u1ef1ng Th\u01b0\u01a1ng Hi\u1ec7u C\u00f3 M\u1ee5c \u0110\u00edch\"}]},{\"@type\":\"WebSite\",\"@id\":\"https:\/\/www.sedgwick-richardson.com\/#website\",\"url\":\"https:\/\/www.sedgwick-richardson.com\/\",\"name\":\"Sedgwick Richardson\",\"description\":\"\",\"publisher\":{\"@id\":\"https:\/\/www.sedgwick-richardson.com\/#organization\"},\"potentialAction\":[{\"@type\":\"SearchAction\",\"target\":{\"@type\":\"EntryPoint\",\"urlTemplate\":\"https:\/\/www.sedgwick-richardson.com\/?s={search_term_string}\"},\"query-input\":{\"@type\":\"PropertyValueSpecification\",\"valueRequired\":true,\"valueName\":\"search_term_string\"}}],\"inLanguage\":\"vi-VN\"},{\"@type\":\"Organization\",\"@id\":\"https:\/\/www.sedgwick-richardson.com\/#organization\",\"name\":\"Sedgwick Richardson\",\"url\":\"https:\/\/www.sedgwick-richardson.com\/\",\"logo\":{\"@type\":\"ImageObject\",\"inLanguage\":\"vi-VN\",\"@id\":\"https:\/\/www.sedgwick-richardson.com\/#\/schema\/logo\/image\/\",\"url\":\"https:\/\/www.sedgwick-richardson.com\/wp-content\/uploads\/2025\/11\/logo-sr-shema.png\",\"contentUrl\":\"https:\/\/www.sedgwick-richardson.com\/wp-content\/uploads\/2025\/11\/logo-sr-shema.png\",\"width\":1147,\"height\":562,\"caption\":\"Sedgwick Richardson\"},\"image\":{\"@id\":\"https:\/\/www.sedgwick-richardson.com\/#\/schema\/logo\/image\/\"},\"sameAs\":[\"https:\/\/www.facebook.com\/sedgwickrichardson\/\"]}]}<\/script>\n<!-- \/ Yoast SEO plugin. -->","yoast_head_json":{"title":"Ki\u1ebfn T\u1ea1o Gi\u00e1 Tr\u1ecb B\u1ec1n V\u1eefng Th\u00f4ng Qua X\u00e2y D\u1ef1ng Th\u01b0\u01a1ng Hi\u1ec7u C\u00f3 M\u1ee5c \u0110\u00edch - Sedgwick Richardson","robots":{"index":"index","follow":"follow","max-snippet":"max-snippet:-1","max-image-preview":"max-image-preview:large","max-video-preview":"max-video-preview:-1"},"canonical":"https:\/\/sedgwick-richardson.com\/vi\/expertise\/creating-value\/","og_locale":"vi_VN","og_type":"article","og_title":"Ki\u1ebfn T\u1ea1o Gi\u00e1 Tr\u1ecb B\u1ec1n V\u1eefng Th\u00f4ng Qua X\u00e2y D\u1ef1ng Th\u01b0\u01a1ng Hi\u1ec7u C\u00f3 M\u1ee5c \u0110\u00edch - Sedgwick Richardson","og_description":"M\u1ee5c \u0110\u00edch Th\u01b0\u01a1ng Hi\u1ec7u","og_url":"https:\/\/sedgwick-richardson.com\/vi\/expertise\/creating-value\/","og_site_name":"Sedgwick Richardson","article_publisher":"https:\/\/www.facebook.com\/sedgwickrichardson\/","article_modified_time":"2025-07-09T14:58:37+00:00","twitter_card":"summary_large_image","twitter_misc":{"Est. reading time":"1 minute"},"schema":{"@context":"https:\/\/schema.org","@graph":[{"@type":"WebPage","@id":"https:\/\/sedgwick-richardson.com\/vi\/expertise\/creating-value\/","url":"https:\/\/sedgwick-richardson.com\/vi\/expertise\/creating-value\/","name":"Ki\u1ebfn T\u1ea1o Gi\u00e1 Tr\u1ecb B\u1ec1n V\u1eefng Th\u00f4ng Qua X\u00e2y D\u1ef1ng Th\u01b0\u01a1ng Hi\u1ec7u C\u00f3 M\u1ee5c \u0110\u00edch - Sedgwick Richardson","isPartOf":{"@id":"https:\/\/www.sedgwick-richardson.com\/#website"},"datePublished":"2024-04-15T05:40:06+00:00","dateModified":"2025-07-09T14:58:37+00:00","breadcrumb":{"@id":"https:\/\/sedgwick-richardson.com\/vi\/expertise\/creating-value\/#breadcrumb"},"inLanguage":"vi-VN","potentialAction":[{"@type":"ReadAction","target":["https:\/\/sedgwick-richardson.com\/vi\/expertise\/creating-value\/"]}]},{"@type":"BreadcrumbList","@id":"https:\/\/sedgwick-richardson.com\/vi\/expertise\/creating-value\/#breadcrumb","itemListElement":[{"@type":"ListItem","position":1,"name":"Chuy\u00ean m\u00f4n","item":"https:\/\/sedgwick-richardson.com\/vi\/expertise\/"},{"@type":"ListItem","position":2,"name":"Ki\u1ebfn T\u1ea1o Gi\u00e1 Tr\u1ecb B\u1ec1n V\u1eefng Th\u00f4ng Qua X\u00e2y D\u1ef1ng Th\u01b0\u01a1ng Hi\u1ec7u C\u00f3 M\u1ee5c \u0110\u00edch"}]},{"@type":"WebSite","@id":"https:\/\/www.sedgwick-richardson.com\/#website","url":"https:\/\/www.sedgwick-richardson.com\/","name":"Sedgwick Richardson","description":"","publisher":{"@id":"https:\/\/www.sedgwick-richardson.com\/#organization"},"potentialAction":[{"@type":"SearchAction","target":{"@type":"EntryPoint","urlTemplate":"https:\/\/www.sedgwick-richardson.com\/?s={search_term_string}"},"query-input":{"@type":"PropertyValueSpecification","valueRequired":true,"valueName":"search_term_string"}}],"inLanguage":"vi-VN"},{"@type":"Organization","@id":"https:\/\/www.sedgwick-richardson.com\/#organization","name":"Sedgwick Richardson","url":"https:\/\/www.sedgwick-richardson.com\/","logo":{"@type":"ImageObject","inLanguage":"vi-VN","@id":"https:\/\/www.sedgwick-richardson.com\/#\/schema\/logo\/image\/","url":"https:\/\/www.sedgwick-richardson.com\/wp-content\/uploads\/2025\/11\/logo-sr-shema.png","contentUrl":"https:\/\/www.sedgwick-richardson.com\/wp-content\/uploads\/2025\/11\/logo-sr-shema.png","width":1147,"height":562,"caption":"Sedgwick Richardson"},"image":{"@id":"https:\/\/www.sedgwick-richardson.com\/#\/schema\/logo\/image\/"},"sameAs":["https:\/\/www.facebook.com\/sedgwickrichardson\/"]}]}},"_links":{"self":[{"href":"https:\/\/sedgwick-richardson.com\/vi\/wp-json\/wp\/v2\/pages\/16706","targetHints":{"allow":["GET"]}}],"collection":[{"href":"https:\/\/sedgwick-richardson.com\/vi\/wp-json\/wp\/v2\/pages"}],"about":[{"href":"https:\/\/sedgwick-richardson.com\/vi\/wp-json\/wp\/v2\/types\/page"}],"author":[{"embeddable":true,"href":"https:\/\/sedgwick-richardson.com\/vi\/wp-json\/wp\/v2\/users\/1"}],"replies":[{"embeddable":true,"href":"https:\/\/sedgwick-richardson.com\/vi\/wp-json\/wp\/v2\/comments?post=16706"}],"version-history":[{"count":6,"href":"https:\/\/sedgwick-richardson.com\/vi\/wp-json\/wp\/v2\/pages\/16706\/revisions"}],"predecessor-version":[{"id":22862,"href":"https:\/\/sedgwick-richardson.com\/vi\/wp-json\/wp\/v2\/pages\/16706\/revisions\/22862"}],"up":[{"embeddable":true,"href":"https:\/\/sedgwick-richardson.com\/vi\/wp-json\/wp\/v2\/pages\/6683"}],"wp:attachment":[{"href":"https:\/\/sedgwick-richardson.com\/vi\/wp-json\/wp\/v2\/media?parent=16706"}],"curies":[{"name":"wp","href":"https:\/\/api.w.org\/{rel}","templated":true}]}}