{"id":6646,"date":"2022-09-23T12:21:12","date_gmt":"2022-09-23T04:21:12","guid":{"rendered":"https:\/\/www.sedgwick-richardson.com\/about\/"},"modified":"2025-07-09T22:31:43","modified_gmt":"2025-07-09T14:31:43","slug":"about","status":"publish","type":"page","link":"https:\/\/sedgwick-richardson.com\/vi\/about\/","title":{"rendered":"V\u1ec1 SR"},"content":{"rendered":"\n<h5 class=\"wp-block-heading subtitle\">\u0110\u1ecbnh H\u00ecnh Th\u01b0\u01a1ng Hi\u1ec7u Trong B\u1ed1i C\u1ea3nh M\u1edbi<\/h5>\n\n\n\n<p>Ng\u00e0y nay, m\u1ed9t th\u01b0\u01a1ng hi\u1ec7u kh\u00f4ng ch\u1ec9 c\u1ea7n \u0111\u1eb9p v\u00e0 \u1ea5n t\u01b0\u1ee3ng.<br>Th\u01b0\u01a1ng hi\u1ec7u c\u1ea7n tr\u1edf n\u00ean t\u1ed1t h\u01a1n \u2013 v\u00e0 x\u1ee9ng \u0111\u00e1ng \u0111\u01b0\u1ee3c tin t\u01b0\u1edfng.<\/p>\n\n\n\n<p>T\u1ea1i Sedgwick Richardson (SR), ch\u00fang t\u00f4i bi\u1ebfn m\u1ee5c \u0111\u00edch th\u00e0nh h\u00e0nh \u0111\u1ed9ng.<br>Ch\u00fang t\u00f4i x\u00e2y d\u1ef1ng chi\u1ebfn l\u01b0\u1ee3c th\u01b0\u01a1ng hi\u1ec7u v\u00e0 ph\u00e1t tri\u1ec3n b\u1ec1n v\u1eefng song h\u00e0nh c\u00f9ng nhau \u2013 nh\u1eb1m truy\u1ec1n c\u1ea3m h\u1ee9ng, t\u1ea1o d\u1ef1ng ni\u1ec1m tin, th\u00fac \u0111\u1ea9y th\u1ecb tr\u01b0\u1eddng v\u00e0 t\u1ea1o t\u00e1c \u0111\u1ed9ng t\u00edch c\u1ef1c.<\/p>\n\n\n\n<p>\u0110\u00e2y kh\u00f4ng ph\u1ea3i l\u00e0 l\u1edbp v\u1ecf h\u00e0o nho\u00e1ng. M\u00e0 l\u00e0 s\u1ef1 thay \u0111\u1ed5i h\u1eefu h\u00ecnh. L\u00e0 s\u00e1ng t\u1ea1o c\u00f3 gi\u00e1 tr\u1ecb. L\u00e0 gi\u00e1 tr\u1ecb chung, \u0111\u01b0\u1ee3c thi\u1ebft k\u1ebf \u0111\u1ec3 tr\u01b0\u1eddng t\u1ed3n.<\/p>\n\n\n\n<p>Kh\u1edfi ngu\u1ed3n t\u1eeb London. G\u1eafn b\u00f3 v\u1edbi ch\u00e2u \u00c1 h\u01a1n 40 n\u0103m.<br>Ch\u00fang t\u00f4i ho\u1ea1t \u0111\u1ed9ng d\u1ef1a tr\u00ean s\u1ef1 h\u1ee3p t\u00e1c \u2013 v\u00e0 cam k\u1ebft v\u1edbi t\u00e1c \u0111\u1ed9ng th\u1ef1c ch\u1ea5t.<\/p>\n\n\n\n<h4 class=\"wp-block-heading\">H\u00e3y c\u00f9ng x\u00e2y d\u1ef1ng m\u1ed9t th\u01b0\u01a1ng hi\u1ec7u t\u1ea1o gi\u00e1 tr\u1ecb th\u1ef1c s\u1ef1.<\/h4>\n","protected":false},"excerpt":{"rendered":"<p>\u0110\u1ecbnh H\u00ecnh Th\u01b0\u01a1ng Hi\u1ec7u Trong B\u1ed1i C\u1ea3nh M\u1edbi Ng\u00e0y nay, m\u1ed9t th\u01b0\u01a1ng hi\u1ec7u kh\u00f4ng ch\u1ec9 c\u1ea7n \u0111\u1eb9p v\u00e0 \u1ea5n t\u01b0\u1ee3ng.Th\u01b0\u01a1ng hi\u1ec7u c\u1ea7n tr\u1edf n\u00ean t\u1ed1t h\u01a1n \u2013 v\u00e0 x\u1ee9ng \u0111\u00e1ng \u0111\u01b0\u1ee3c tin t\u01b0\u1edfng. T\u1ea1i Sedgwick Richardson (SR), ch\u00fang t\u00f4i bi\u1ebfn m\u1ee5c \u0111\u00edch th\u00e0nh h\u00e0nh \u0111\u1ed9ng.Ch\u00fang t\u00f4i x\u00e2y d\u1ef1ng chi\u1ebfn l\u01b0\u1ee3c th\u01b0\u01a1ng hi\u1ec7u v\u00e0 ph\u00e1t tri\u1ec3n &hellip; <a href=\"https:\/\/sedgwick-richardson.com\/vi\/about\/\">Continued<\/a><\/p>\n","protected":false},"author":1,"featured_media":0,"parent":0,"menu_order":0,"comment_status":"closed","ping_status":"closed","template":"views\/template-about.blade.php","meta":{"om_disable_all_campaigns":false,"_monsterinsights_skip_tracking":false,"_monsterinsights_sitenote_active":false,"_monsterinsights_sitenote_note":"","_monsterinsights_sitenote_category":0,"footnotes":""},"class_list":["post-6646","page","type-page","status-publish","hentry"],"acf":[],"yoast_head":"<!-- This site is optimized with the Yoast SEO plugin v27.2 - https:\/\/yoast.com\/product\/yoast-seo-wordpress\/ -->\n<title>V\u1ec1 SR - Sedgwick Richardson<\/title>\n<meta name=\"robots\" content=\"index, follow, max-snippet:-1, max-image-preview:large, max-video-preview:-1\" \/>\n<link rel=\"canonical\" href=\"https:\/\/www.sedgwick-richardson.com\/vi\/about\/\" \/>\n<meta property=\"og:locale\" content=\"vi_VN\" \/>\n<meta property=\"og:type\" content=\"article\" \/>\n<meta property=\"og:title\" content=\"V\u1ec1 SR - Sedgwick Richardson\" \/>\n<meta property=\"og:description\" content=\"\u0110\u1ecbnh H\u00ecnh Th\u01b0\u01a1ng Hi\u1ec7u Trong B\u1ed1i C\u1ea3nh M\u1edbi Ng\u00e0y nay, m\u1ed9t th\u01b0\u01a1ng hi\u1ec7u kh\u00f4ng ch\u1ec9 c\u1ea7n \u0111\u1eb9p v\u00e0 \u1ea5n t\u01b0\u1ee3ng.Th\u01b0\u01a1ng hi\u1ec7u c\u1ea7n tr\u1edf n\u00ean t\u1ed1t h\u01a1n \u2013 v\u00e0 x\u1ee9ng \u0111\u00e1ng \u0111\u01b0\u1ee3c tin t\u01b0\u1edfng. T\u1ea1i Sedgwick Richardson (SR), ch\u00fang t\u00f4i bi\u1ebfn m\u1ee5c \u0111\u00edch th\u00e0nh h\u00e0nh \u0111\u1ed9ng.Ch\u00fang t\u00f4i x\u00e2y d\u1ef1ng chi\u1ebfn l\u01b0\u1ee3c th\u01b0\u01a1ng hi\u1ec7u v\u00e0 ph\u00e1t tri\u1ec3n &hellip; Continued\" \/>\n<meta property=\"og:url\" content=\"https:\/\/www.sedgwick-richardson.com\/vi\/about\/\" \/>\n<meta property=\"og:site_name\" content=\"Sedgwick Richardson\" \/>\n<meta property=\"article:publisher\" content=\"https:\/\/www.facebook.com\/sedgwickrichardson\/\" \/>\n<meta property=\"article:modified_time\" content=\"2025-07-09T14:31:43+00:00\" \/>\n<meta name=\"twitter:card\" content=\"summary_large_image\" \/>\n<meta name=\"twitter:label1\" content=\"Est. reading time\" \/>\n\t<meta name=\"twitter:data1\" content=\"1 minute\" \/>\n<script type=\"application\/ld+json\" class=\"yoast-schema-graph\">{\"@context\":\"https:\/\/schema.org\",\"@graph\":[{\"@type\":\"WebPage\",\"@id\":\"https:\/\/www.sedgwick-richardson.com\/vi\/about\/\",\"url\":\"https:\/\/www.sedgwick-richardson.com\/vi\/about\/\",\"name\":\"V\u1ec1 SR - Sedgwick Richardson\",\"isPartOf\":{\"@id\":\"https:\/\/www.sedgwick-richardson.com\/#website\"},\"datePublished\":\"2022-09-23T04:21:12+00:00\",\"dateModified\":\"2025-07-09T14:31:43+00:00\",\"inLanguage\":\"vi-VN\",\"potentialAction\":[{\"@type\":\"ReadAction\",\"target\":[\"https:\/\/www.sedgwick-richardson.com\/vi\/about\/\"]}]},{\"@type\":\"WebSite\",\"@id\":\"https:\/\/www.sedgwick-richardson.com\/#website\",\"url\":\"https:\/\/www.sedgwick-richardson.com\/\",\"name\":\"Sedgwick Richardson\",\"description\":\"\",\"publisher\":{\"@id\":\"https:\/\/www.sedgwick-richardson.com\/#organization\"},\"potentialAction\":[{\"@type\":\"SearchAction\",\"target\":{\"@type\":\"EntryPoint\",\"urlTemplate\":\"https:\/\/www.sedgwick-richardson.com\/?s={search_term_string}\"},\"query-input\":{\"@type\":\"PropertyValueSpecification\",\"valueRequired\":true,\"valueName\":\"search_term_string\"}}],\"inLanguage\":\"vi-VN\"},{\"@type\":\"Organization\",\"@id\":\"https:\/\/www.sedgwick-richardson.com\/#organization\",\"name\":\"Sedgwick Richardson\",\"url\":\"https:\/\/www.sedgwick-richardson.com\/\",\"logo\":{\"@type\":\"ImageObject\",\"inLanguage\":\"vi-VN\",\"@id\":\"https:\/\/www.sedgwick-richardson.com\/#\/schema\/logo\/image\/\",\"url\":\"https:\/\/www.sedgwick-richardson.com\/wp-content\/uploads\/2025\/11\/logo-sr-shema.png\",\"contentUrl\":\"https:\/\/www.sedgwick-richardson.com\/wp-content\/uploads\/2025\/11\/logo-sr-shema.png\",\"width\":1147,\"height\":562,\"caption\":\"Sedgwick Richardson\"},\"image\":{\"@id\":\"https:\/\/www.sedgwick-richardson.com\/#\/schema\/logo\/image\/\"},\"sameAs\":[\"https:\/\/www.facebook.com\/sedgwickrichardson\/\"]}]}<\/script>\n<!-- \/ Yoast SEO plugin. -->","yoast_head_json":{"title":"V\u1ec1 SR - Sedgwick Richardson","robots":{"index":"index","follow":"follow","max-snippet":"max-snippet:-1","max-image-preview":"max-image-preview:large","max-video-preview":"max-video-preview:-1"},"canonical":"https:\/\/www.sedgwick-richardson.com\/vi\/about\/","og_locale":"vi_VN","og_type":"article","og_title":"V\u1ec1 SR - Sedgwick Richardson","og_description":"\u0110\u1ecbnh H\u00ecnh Th\u01b0\u01a1ng Hi\u1ec7u Trong B\u1ed1i C\u1ea3nh M\u1edbi Ng\u00e0y nay, m\u1ed9t th\u01b0\u01a1ng hi\u1ec7u kh\u00f4ng ch\u1ec9 c\u1ea7n \u0111\u1eb9p v\u00e0 \u1ea5n t\u01b0\u1ee3ng.Th\u01b0\u01a1ng hi\u1ec7u c\u1ea7n tr\u1edf n\u00ean t\u1ed1t h\u01a1n \u2013 v\u00e0 x\u1ee9ng \u0111\u00e1ng \u0111\u01b0\u1ee3c tin t\u01b0\u1edfng. T\u1ea1i Sedgwick Richardson (SR), ch\u00fang t\u00f4i bi\u1ebfn m\u1ee5c \u0111\u00edch th\u00e0nh h\u00e0nh \u0111\u1ed9ng.Ch\u00fang t\u00f4i x\u00e2y d\u1ef1ng chi\u1ebfn l\u01b0\u1ee3c th\u01b0\u01a1ng hi\u1ec7u v\u00e0 ph\u00e1t tri\u1ec3n &hellip; Continued","og_url":"https:\/\/www.sedgwick-richardson.com\/vi\/about\/","og_site_name":"Sedgwick Richardson","article_publisher":"https:\/\/www.facebook.com\/sedgwickrichardson\/","article_modified_time":"2025-07-09T14:31:43+00:00","twitter_card":"summary_large_image","twitter_misc":{"Est. reading time":"1 minute"},"schema":{"@context":"https:\/\/schema.org","@graph":[{"@type":"WebPage","@id":"https:\/\/www.sedgwick-richardson.com\/vi\/about\/","url":"https:\/\/www.sedgwick-richardson.com\/vi\/about\/","name":"V\u1ec1 SR - Sedgwick Richardson","isPartOf":{"@id":"https:\/\/www.sedgwick-richardson.com\/#website"},"datePublished":"2022-09-23T04:21:12+00:00","dateModified":"2025-07-09T14:31:43+00:00","inLanguage":"vi-VN","potentialAction":[{"@type":"ReadAction","target":["https:\/\/www.sedgwick-richardson.com\/vi\/about\/"]}]},{"@type":"WebSite","@id":"https:\/\/www.sedgwick-richardson.com\/#website","url":"https:\/\/www.sedgwick-richardson.com\/","name":"Sedgwick Richardson","description":"","publisher":{"@id":"https:\/\/www.sedgwick-richardson.com\/#organization"},"potentialAction":[{"@type":"SearchAction","target":{"@type":"EntryPoint","urlTemplate":"https:\/\/www.sedgwick-richardson.com\/?s={search_term_string}"},"query-input":{"@type":"PropertyValueSpecification","valueRequired":true,"valueName":"search_term_string"}}],"inLanguage":"vi-VN"},{"@type":"Organization","@id":"https:\/\/www.sedgwick-richardson.com\/#organization","name":"Sedgwick Richardson","url":"https:\/\/www.sedgwick-richardson.com\/","logo":{"@type":"ImageObject","inLanguage":"vi-VN","@id":"https:\/\/www.sedgwick-richardson.com\/#\/schema\/logo\/image\/","url":"https:\/\/www.sedgwick-richardson.com\/wp-content\/uploads\/2025\/11\/logo-sr-shema.png","contentUrl":"https:\/\/www.sedgwick-richardson.com\/wp-content\/uploads\/2025\/11\/logo-sr-shema.png","width":1147,"height":562,"caption":"Sedgwick Richardson"},"image":{"@id":"https:\/\/www.sedgwick-richardson.com\/#\/schema\/logo\/image\/"},"sameAs":["https:\/\/www.facebook.com\/sedgwickrichardson\/"]}]}},"_links":{"self":[{"href":"https:\/\/sedgwick-richardson.com\/vi\/wp-json\/wp\/v2\/pages\/6646","targetHints":{"allow":["GET"]}}],"collection":[{"href":"https:\/\/sedgwick-richardson.com\/vi\/wp-json\/wp\/v2\/pages"}],"about":[{"href":"https:\/\/sedgwick-richardson.com\/vi\/wp-json\/wp\/v2\/types\/page"}],"author":[{"embeddable":true,"href":"https:\/\/sedgwick-richardson.com\/vi\/wp-json\/wp\/v2\/users\/1"}],"replies":[{"embeddable":true,"href":"https:\/\/sedgwick-richardson.com\/vi\/wp-json\/wp\/v2\/comments?post=6646"}],"version-history":[{"count":13,"href":"https:\/\/sedgwick-richardson.com\/vi\/wp-json\/wp\/v2\/pages\/6646\/revisions"}],"predecessor-version":[{"id":22846,"href":"https:\/\/sedgwick-richardson.com\/vi\/wp-json\/wp\/v2\/pages\/6646\/revisions\/22846"}],"wp:attachment":[{"href":"https:\/\/sedgwick-richardson.com\/vi\/wp-json\/wp\/v2\/media?parent=6646"}],"curies":[{"name":"wp","href":"https:\/\/api.w.org\/{rel}","templated":true}]}}