{"id":6685,"date":"2022-09-23T12:23:37","date_gmt":"2022-09-23T04:23:37","guid":{"rendered":"https:\/\/www.sedgwick-richardson.com\/?page_id=6685"},"modified":"2025-07-10T22:27:31","modified_gmt":"2025-07-10T14:27:31","slug":"place-branding","status":"publish","type":"page","link":"https:\/\/sedgwick-richardson.com\/vi\/expertise\/place-branding\/","title":{"rendered":"Thay \u0110\u1ed5i Di\u1ec7n M\u1ea1o \u0110i\u1ec3m \u0110\u1ebfn B\u1eb1ng Chi\u1ebfn L\u01b0\u1ee3c Th\u01b0\u01a1ng Hi\u1ec7u C\u00f3 M\u1ee5c \u0110\u00edch"},"content":{"rendered":"\n<h4 class=\"wp-block-heading\">M\u1ed9t \u0111i\u1ec3m \u0111\u1ebfn kh\u00f4ng c\u1ea7n ph\u1ea3i c\u00f3 c\u1ea5u tr\u00fac l\u1edbn nh\u1ea5t, cao nh\u1ea5t hay \u0111\u1ed9c \u0111\u00e1o nh\u1ea5t \u0111\u1ec3 n\u1ed5i b\u1eadt. Gi\u00e1 tr\u1ecb th\u1ef1c s\u1ef1 \u0111\u01b0\u1ee3c t\u1ea1o d\u1ef1ng t\u1eeb ph\u00e1t tri\u1ec3n b\u1ec1n v\u1eefng, \u0111\u1ecbnh v\u1ecb th\u01b0\u01a1ng hi\u1ec7u thuy\u1ebft ph\u1ee5c v\u00e0 tr\u1ea3i nghi\u1ec7m th\u01b0\u01a1ng hi\u1ec7u kh\u00e1c bi\u1ec7t.<\/h4>\n\n\n\n<h6 class=\"wp-block-heading\">CHI\u1ebeN L\u01af\u1ee2C<\/h6>\n\n\n\n<ul class=\"wp-block-list\">\n<li>\u0110\u1ecbnh v\u1ecb \u0111\u1ecba \u0111i\u1ec3m v\u00e0 \u0111i\u1ec3m \u0111\u1ebfn<\/li>\n\n\n\n<li>Chi\u1ebfn l\u01b0\u1ee3c th\u01b0\u01a1ng hi\u1ec7u v\u00e0 ph\u00e1t tri\u1ec3n b\u1ec1n v\u1eefng cho \u0111\u1ecba \u0111i\u1ec3m<\/li>\n\n\n\n<li>L\u1eadp b\u1ea3n \u0111\u1ed3 h\u00e0nh vi v\u00e0 thi\u1ebft k\u1ebf h\u00e0nh tr\u00ecnh cho nhi\u1ec1u nh\u00f3m \u0111\u1ed1i t\u01b0\u1ee3ng li\u00ean quan<\/li>\n\n\n\n<li>Chi\u1ebfn l\u01b0\u1ee3c ph\u00e1t tri\u1ec3n b\u1ec1n v\u1eefng cho \u0111\u1ecba \u0111i\u1ec3m v\u00e0 g\u1eafn k\u1ebft c\u1ed9ng \u0111\u1ed3ng<\/li>\n<\/ul>\n\n\n\n<h6 class=\"wp-block-heading\">THI\u1ebeT K\u1ebe <\/h6>\n\n\n\n<ul class=\"wp-block-list\">\n<li>H\u1ec7 th\u1ed1ng nh\u1eadn di\u1ec7n h\u00ecnh \u1ea3nh v\u00e0 ng\u00f4n ng\u1eef cho th\u00e0nh ph\u1ed1 v\u00e0 d\u1ef1 \u00e1n B\u0110S<\/li>\n\n\n\n<li>H\u1ec7 th\u1ed1ng \u0111\u1ecbnh h\u01b0\u1edbng, b\u1ea3ng ch\u1ec9 d\u1eabn v\u00e0 c\u00e1c \u0111i\u1ec3m ch\u1ea1m th\u01b0\u01a1ng hi\u1ec7u \u0111\u1ecba \u0111i\u1ec3m<\/li>\n\n\n\n<li>H\u1ec7 th\u1ed1ng th\u01b0\u01a1ng hi\u1ec7u \u0111\u1ecba \u0111i\u1ec3m \u0111a gi\u00e1c quan: \u00e2m thanh, h\u01b0\u01a1ng th\u01a1m v\u00e0 tr\u1ea3i nghi\u1ec7m c\u1ea3m x\u00fac<\/li>\n\n\n\n<li>Thi\u1ebft k\u1ebf th\u01b0\u01a1ng hi\u1ec7u kh\u00f4ng gian v\u00e0 tr\u1ea3i nghi\u1ec7m s\u1ed1ng \u0111\u1ed9ng<\/li>\n<\/ul>\n\n\n\n<h6 class=\"wp-block-heading\">TR\u1ea2I NGHI\u1ec6M <\/h6>\n\n\n\n<ul class=\"wp-block-list\">\n<li>Tr\u1ea3i nghi\u1ec7m s\u1ed1 (thi\u1ebft k\u1ebf UX\/UI v\u00e0 \u1ee9ng d\u1ee5ng)<\/li>\n\n\n\n<li>K\u1ec3 chuy\u1ec7n \u0111i\u1ec3m \u0111\u1ebfn qua animation v\u00e0 video<\/li>\n\n\n\n<li>C\u00e1c ch\u01b0\u01a1ng tr\u00ecnh v\u00e0 chi\u1ebfn d\u1ecbch g\u1eafn k\u1ebft c\u1ed9ng \u0111\u1ed3ng<\/li>\n\n\n\n<li>\u1ea4n ph\u1ea9m v\u00e0 c\u00f4ng c\u1ee5 k\u00edch ho\u1ea1t mang th\u01b0\u01a1ng hi\u1ec7u \u0111i\u1ec3m \u0111\u1ebfn<\/li>\n<\/ul>\n","protected":false},"excerpt":{"rendered":"<p>V\u01b0\u1ee3t tr\u1ed9i v\u00e0 kh\u00e1c bi\u1ec7t<\/p>\n","protected":false},"author":1,"featured_media":0,"parent":6683,"menu_order":0,"comment_status":"closed","ping_status":"closed","template":"views\/template-expertise.blade.php","meta":{"om_disable_all_campaigns":false,"_monsterinsights_skip_tracking":false,"_monsterinsights_sitenote_active":false,"_monsterinsights_sitenote_note":"","_monsterinsights_sitenote_category":0,"footnotes":""},"class_list":["post-6685","page","type-page","status-publish","hentry"],"acf":[],"yoast_head":"<!-- This site is optimized with the Yoast SEO plugin v27.2 - https:\/\/yoast.com\/product\/yoast-seo-wordpress\/ -->\n<title>Thay \u0110\u1ed5i Di\u1ec7n M\u1ea1o \u0110i\u1ec3m \u0110\u1ebfn B\u1eb1ng Chi\u1ebfn L\u01b0\u1ee3c Th\u01b0\u01a1ng Hi\u1ec7u C\u00f3 M\u1ee5c \u0110\u00edch - Sedgwick Richardson<\/title>\n<meta name=\"robots\" content=\"index, follow, max-snippet:-1, max-image-preview:large, max-video-preview:-1\" \/>\n<link rel=\"canonical\" href=\"https:\/\/sedgwick-richardson.com\/vi\/expertise\/place-branding\/\" \/>\n<meta property=\"og:locale\" content=\"vi_VN\" \/>\n<meta property=\"og:type\" content=\"article\" \/>\n<meta property=\"og:title\" content=\"Thay \u0110\u1ed5i Di\u1ec7n M\u1ea1o \u0110i\u1ec3m \u0110\u1ebfn B\u1eb1ng Chi\u1ebfn L\u01b0\u1ee3c Th\u01b0\u01a1ng Hi\u1ec7u C\u00f3 M\u1ee5c \u0110\u00edch - Sedgwick Richardson\" \/>\n<meta property=\"og:description\" content=\"V\u01b0\u1ee3t tr\u1ed9i v\u00e0 kh\u00e1c bi\u1ec7t\" \/>\n<meta property=\"og:url\" content=\"https:\/\/sedgwick-richardson.com\/vi\/expertise\/place-branding\/\" \/>\n<meta property=\"og:site_name\" content=\"Sedgwick Richardson\" \/>\n<meta property=\"article:publisher\" content=\"https:\/\/www.facebook.com\/sedgwickrichardson\/\" \/>\n<meta property=\"article:modified_time\" content=\"2025-07-10T14:27:31+00:00\" \/>\n<meta name=\"twitter:card\" content=\"summary_large_image\" \/>\n<meta name=\"twitter:label1\" content=\"Est. reading time\" \/>\n\t<meta name=\"twitter:data1\" content=\"1 minute\" \/>\n<script type=\"application\/ld+json\" class=\"yoast-schema-graph\">{\"@context\":\"https:\/\/schema.org\",\"@graph\":[{\"@type\":\"WebPage\",\"@id\":\"https:\/\/sedgwick-richardson.com\/vi\/expertise\/place-branding\/\",\"url\":\"https:\/\/sedgwick-richardson.com\/vi\/expertise\/place-branding\/\",\"name\":\"Thay \u0110\u1ed5i Di\u1ec7n M\u1ea1o \u0110i\u1ec3m \u0110\u1ebfn B\u1eb1ng Chi\u1ebfn L\u01b0\u1ee3c Th\u01b0\u01a1ng Hi\u1ec7u C\u00f3 M\u1ee5c \u0110\u00edch - Sedgwick Richardson\",\"isPartOf\":{\"@id\":\"https:\/\/www.sedgwick-richardson.com\/#website\"},\"datePublished\":\"2022-09-23T04:23:37+00:00\",\"dateModified\":\"2025-07-10T14:27:31+00:00\",\"breadcrumb\":{\"@id\":\"https:\/\/sedgwick-richardson.com\/vi\/expertise\/place-branding\/#breadcrumb\"},\"inLanguage\":\"vi-VN\",\"potentialAction\":[{\"@type\":\"ReadAction\",\"target\":[\"https:\/\/sedgwick-richardson.com\/vi\/expertise\/place-branding\/\"]}]},{\"@type\":\"BreadcrumbList\",\"@id\":\"https:\/\/sedgwick-richardson.com\/vi\/expertise\/place-branding\/#breadcrumb\",\"itemListElement\":[{\"@type\":\"ListItem\",\"position\":1,\"name\":\"Chuy\u00ean m\u00f4n\",\"item\":\"https:\/\/www.sedgwick-richardson.com\/vi\/expertise\/\"},{\"@type\":\"ListItem\",\"position\":2,\"name\":\"Thay \u0110\u1ed5i Di\u1ec7n M\u1ea1o \u0110i\u1ec3m \u0110\u1ebfn B\u1eb1ng Chi\u1ebfn L\u01b0\u1ee3c Th\u01b0\u01a1ng Hi\u1ec7u C\u00f3 M\u1ee5c \u0110\u00edch\"}]},{\"@type\":\"WebSite\",\"@id\":\"https:\/\/www.sedgwick-richardson.com\/#website\",\"url\":\"https:\/\/www.sedgwick-richardson.com\/\",\"name\":\"Sedgwick Richardson\",\"description\":\"\",\"publisher\":{\"@id\":\"https:\/\/www.sedgwick-richardson.com\/#organization\"},\"potentialAction\":[{\"@type\":\"SearchAction\",\"target\":{\"@type\":\"EntryPoint\",\"urlTemplate\":\"https:\/\/www.sedgwick-richardson.com\/?s={search_term_string}\"},\"query-input\":{\"@type\":\"PropertyValueSpecification\",\"valueRequired\":true,\"valueName\":\"search_term_string\"}}],\"inLanguage\":\"vi-VN\"},{\"@type\":\"Organization\",\"@id\":\"https:\/\/www.sedgwick-richardson.com\/#organization\",\"name\":\"Sedgwick Richardson\",\"url\":\"https:\/\/www.sedgwick-richardson.com\/\",\"logo\":{\"@type\":\"ImageObject\",\"inLanguage\":\"vi-VN\",\"@id\":\"https:\/\/www.sedgwick-richardson.com\/#\/schema\/logo\/image\/\",\"url\":\"https:\/\/www.sedgwick-richardson.com\/wp-content\/uploads\/2025\/11\/logo-sr-shema.png\",\"contentUrl\":\"https:\/\/www.sedgwick-richardson.com\/wp-content\/uploads\/2025\/11\/logo-sr-shema.png\",\"width\":1147,\"height\":562,\"caption\":\"Sedgwick Richardson\"},\"image\":{\"@id\":\"https:\/\/www.sedgwick-richardson.com\/#\/schema\/logo\/image\/\"},\"sameAs\":[\"https:\/\/www.facebook.com\/sedgwickrichardson\/\"]}]}<\/script>\n<!-- \/ Yoast SEO plugin. -->","yoast_head_json":{"title":"Thay \u0110\u1ed5i Di\u1ec7n M\u1ea1o \u0110i\u1ec3m \u0110\u1ebfn B\u1eb1ng Chi\u1ebfn L\u01b0\u1ee3c Th\u01b0\u01a1ng Hi\u1ec7u C\u00f3 M\u1ee5c \u0110\u00edch - Sedgwick Richardson","robots":{"index":"index","follow":"follow","max-snippet":"max-snippet:-1","max-image-preview":"max-image-preview:large","max-video-preview":"max-video-preview:-1"},"canonical":"https:\/\/sedgwick-richardson.com\/vi\/expertise\/place-branding\/","og_locale":"vi_VN","og_type":"article","og_title":"Thay \u0110\u1ed5i Di\u1ec7n M\u1ea1o \u0110i\u1ec3m \u0110\u1ebfn B\u1eb1ng Chi\u1ebfn L\u01b0\u1ee3c Th\u01b0\u01a1ng Hi\u1ec7u C\u00f3 M\u1ee5c \u0110\u00edch - Sedgwick Richardson","og_description":"V\u01b0\u1ee3t tr\u1ed9i v\u00e0 kh\u00e1c bi\u1ec7t","og_url":"https:\/\/sedgwick-richardson.com\/vi\/expertise\/place-branding\/","og_site_name":"Sedgwick Richardson","article_publisher":"https:\/\/www.facebook.com\/sedgwickrichardson\/","article_modified_time":"2025-07-10T14:27:31+00:00","twitter_card":"summary_large_image","twitter_misc":{"Est. reading time":"1 minute"},"schema":{"@context":"https:\/\/schema.org","@graph":[{"@type":"WebPage","@id":"https:\/\/sedgwick-richardson.com\/vi\/expertise\/place-branding\/","url":"https:\/\/sedgwick-richardson.com\/vi\/expertise\/place-branding\/","name":"Thay \u0110\u1ed5i Di\u1ec7n M\u1ea1o \u0110i\u1ec3m \u0110\u1ebfn B\u1eb1ng Chi\u1ebfn L\u01b0\u1ee3c Th\u01b0\u01a1ng Hi\u1ec7u C\u00f3 M\u1ee5c \u0110\u00edch - Sedgwick Richardson","isPartOf":{"@id":"https:\/\/www.sedgwick-richardson.com\/#website"},"datePublished":"2022-09-23T04:23:37+00:00","dateModified":"2025-07-10T14:27:31+00:00","breadcrumb":{"@id":"https:\/\/sedgwick-richardson.com\/vi\/expertise\/place-branding\/#breadcrumb"},"inLanguage":"vi-VN","potentialAction":[{"@type":"ReadAction","target":["https:\/\/sedgwick-richardson.com\/vi\/expertise\/place-branding\/"]}]},{"@type":"BreadcrumbList","@id":"https:\/\/sedgwick-richardson.com\/vi\/expertise\/place-branding\/#breadcrumb","itemListElement":[{"@type":"ListItem","position":1,"name":"Chuy\u00ean m\u00f4n","item":"https:\/\/www.sedgwick-richardson.com\/vi\/expertise\/"},{"@type":"ListItem","position":2,"name":"Thay \u0110\u1ed5i Di\u1ec7n M\u1ea1o \u0110i\u1ec3m \u0110\u1ebfn B\u1eb1ng Chi\u1ebfn L\u01b0\u1ee3c Th\u01b0\u01a1ng Hi\u1ec7u C\u00f3 M\u1ee5c \u0110\u00edch"}]},{"@type":"WebSite","@id":"https:\/\/www.sedgwick-richardson.com\/#website","url":"https:\/\/www.sedgwick-richardson.com\/","name":"Sedgwick Richardson","description":"","publisher":{"@id":"https:\/\/www.sedgwick-richardson.com\/#organization"},"potentialAction":[{"@type":"SearchAction","target":{"@type":"EntryPoint","urlTemplate":"https:\/\/www.sedgwick-richardson.com\/?s={search_term_string}"},"query-input":{"@type":"PropertyValueSpecification","valueRequired":true,"valueName":"search_term_string"}}],"inLanguage":"vi-VN"},{"@type":"Organization","@id":"https:\/\/www.sedgwick-richardson.com\/#organization","name":"Sedgwick Richardson","url":"https:\/\/www.sedgwick-richardson.com\/","logo":{"@type":"ImageObject","inLanguage":"vi-VN","@id":"https:\/\/www.sedgwick-richardson.com\/#\/schema\/logo\/image\/","url":"https:\/\/www.sedgwick-richardson.com\/wp-content\/uploads\/2025\/11\/logo-sr-shema.png","contentUrl":"https:\/\/www.sedgwick-richardson.com\/wp-content\/uploads\/2025\/11\/logo-sr-shema.png","width":1147,"height":562,"caption":"Sedgwick Richardson"},"image":{"@id":"https:\/\/www.sedgwick-richardson.com\/#\/schema\/logo\/image\/"},"sameAs":["https:\/\/www.facebook.com\/sedgwickrichardson\/"]}]}},"_links":{"self":[{"href":"https:\/\/sedgwick-richardson.com\/vi\/wp-json\/wp\/v2\/pages\/6685","targetHints":{"allow":["GET"]}}],"collection":[{"href":"https:\/\/sedgwick-richardson.com\/vi\/wp-json\/wp\/v2\/pages"}],"about":[{"href":"https:\/\/sedgwick-richardson.com\/vi\/wp-json\/wp\/v2\/types\/page"}],"author":[{"embeddable":true,"href":"https:\/\/sedgwick-richardson.com\/vi\/wp-json\/wp\/v2\/users\/1"}],"replies":[{"embeddable":true,"href":"https:\/\/sedgwick-richardson.com\/vi\/wp-json\/wp\/v2\/comments?post=6685"}],"version-history":[{"count":11,"href":"https:\/\/sedgwick-richardson.com\/vi\/wp-json\/wp\/v2\/pages\/6685\/revisions"}],"predecessor-version":[{"id":23019,"href":"https:\/\/sedgwick-richardson.com\/vi\/wp-json\/wp\/v2\/pages\/6685\/revisions\/23019"}],"up":[{"embeddable":true,"href":"https:\/\/sedgwick-richardson.com\/vi\/wp-json\/wp\/v2\/pages\/6683"}],"wp:attachment":[{"href":"https:\/\/sedgwick-richardson.com\/vi\/wp-json\/wp\/v2\/media?parent=6685"}],"curies":[{"name":"wp","href":"https:\/\/api.w.org\/{rel}","templated":true}]}}