{"id":6691,"date":"2022-09-23T12:23:19","date_gmt":"2022-09-23T04:23:19","guid":{"rendered":"https:\/\/www.sedgwick-richardson.com\/?page_id=6691"},"modified":"2025-07-10T22:26:17","modified_gmt":"2025-07-10T14:26:17","slug":"investment-branding","status":"publish","type":"page","link":"https:\/\/sedgwick-richardson.com\/vi\/expertise\/investment-branding\/","title":{"rendered":"X\u00e2y D\u1ef1ng Ni\u1ec1m Tin v\u00e0 Gi\u00e1 Tr\u1ecb Trong Th\u01b0\u01a1ng Hi\u1ec7u \u0110\u1ea7u T\u01b0"},"content":{"rendered":"\n<h4 class=\"wp-block-heading\">Gi\u00e1 tr\u1ecb b\u1ec1n v\u1eefng \u0111\u01b0\u1ee3c x\u00e2y d\u1ef1ng t\u1eeb n\u1ec1n t\u1ea3ng c\u1ee7a ni\u1ec1m tin. Nh\u00e0 \u0111\u1ea7u t\u01b0 quan t\u00e2m \u0111\u1ebfn \u0111i\u1ec1u th\u01b0\u01a1ng hi\u1ec7u c\u1ee7a b\u1ea1n \u0111\u1ea1i di\u1ec7n v\u00e0 c\u00e1ch b\u1ea1n truy\u1ec1n t\u1ea3i th\u00f4ng \u0111i\u1ec7p \u0111\u00f3.<\/h4>\n\n\n\n<h6 class=\"wp-block-heading\">CHI\u1ebeN L\u01af\u1ee2C<\/h6>\n\n\n\n<ul class=\"wp-block-list\">\n<li>Chi\u1ebfn l\u01b0\u1ee3c th\u01b0\u01a1ng hi\u1ec7u \u0111\u1ea7u t\u01b0 v\u00e0 ph\u00e1t tri\u1ec3n b\u1ec1n v\u1eefng<\/li>\n\n\n\n<li>T\u01b0\u01a1ng t\u00e1c chi\u1ebfn l\u01b0\u1ee3c v\u1edbi nh\u00e0 \u0111\u1ea7u t\u01b0 v\u00e0 l\u1eadp b\u1ea3n \u0111\u1ed3 g\u00f3c nh\u00ecn chuy\u00ean s\u00e2u<\/li>\n\n\n\n<li>\u0110\u1ec1 xu\u1ea5t \u0111\u1ea7u t\u01b0, th\u00f4ng \u0111i\u1ec7p truy\u1ec1n th\u00f4ng v\u00e0 c\u00e2u chuy\u1ec7n t\u1ea1o gi\u00e1 tr\u1ecb<\/li>\n\n\n\n<li>Chi\u1ebfn l\u01b0\u1ee3c b\u00e1o c\u00e1o, ph\u00e1t tri\u1ec3n n\u1ed9i dung v\u00e0 \u0111\u1ea3m b\u1ea3o tu\u00e2n th\u1ee7 quy \u0111\u1ecbnh<\/li>\n<\/ul>\n\n\n\n<h6 class=\"wp-block-heading\">THI\u1ebeT K\u1ebe <\/h6>\n\n\n\n<ul class=\"wp-block-list\">\n<li>B\u00e1o c\u00e1o nh\u00e0 \u0111\u1ea7u t\u01b0 mang b\u1ea3n s\u1eafc th\u01b0\u01a1ng hi\u1ec7u (b\u1ea3n in, k\u1ef9 thu\u1eadt s\u1ed1 v\u00e0 t\u00edch h\u1ee3p ESG)<\/li>\n\n\n\n<li>H\u1ec7 th\u1ed1ng nh\u1eadn di\u1ec7n t\u1ea1i c\u00e1c \u0111i\u1ec3m ch\u1ea1m c\u1ee7a quan h\u1ec7 nh\u00e0 \u0111\u1ea7u t\u01b0 (IR)<\/li>\n\n\n\n<li>Thi\u1ebft k\u1ebf b\u00e0i tr\u00ecnh b\u00e0y v\u00e0 b\u1ed9 t\u00e0i li\u1ec7u gi\u1edbi thi\u1ec7u cho nh\u00e0 \u0111\u1ea7u t\u01b0<\/li>\n\n\n\n<li>Tr\u1ef1c quan h\u00f3a m\u00f4 h\u00ecnh kinh doanh, hi\u1ec7u qu\u1ea3 ho\u1ea1t \u0111\u1ed9ng v\u00e0 t\u00e1c \u0111\u1ed9ng<\/li>\n<\/ul>\n\n\n\n<h6 class=\"wp-block-heading\">TR\u1ea2I NGHI\u1ec6M <\/h6>\n\n\n\n<ul class=\"wp-block-list\">\n<li>Truy\u1ec1n th\u00f4ng cho \u0111\u1ea1i h\u1ed9i c\u1ed5 \u0111\u00f4ng th\u01b0\u1eddng ni\u00ean (AGM) v\u00e0 roadshow v\u1edbi nh\u00e0 \u0111\u1ea7u t\u01b0<\/li>\n\n\n\n<li>T\u00e0i li\u1ec7u h\u1ed7 tr\u1ee3 cho huy \u0111\u1ed9ng v\u1ed1n v\u00e0 ho\u1ea1t \u0111\u1ed9ng M&amp;A<\/li>\n\n\n\n<li>Video ho\u1ea1t h\u1ecda v\u00e0 phim gi\u1edbi thi\u1ec7u c\u00e2u chuy\u1ec7n \u0111\u1ea7u t\u01b0<\/li>\n\n\n\n<li>\u0110\u1ecbnh d\u1ea1ng t\u01b0\u01a1ng t\u00e1c cho ho\u1ea1t \u0111\u1ed9ng k\u1ebft n\u1ed1i nh\u00e0 \u0111\u1ea7u t\u01b0 tr\u00ean n\u1ec1n t\u1ea3ng s\u1ed1<\/li>\n<\/ul>\n","protected":false},"excerpt":{"rendered":"<p>Ni\u1ec1m tin x\u00e2y d\u1ef1ng gi\u00e1 tr\u1ecb<\/p>\n","protected":false},"author":1,"featured_media":0,"parent":6683,"menu_order":1,"comment_status":"closed","ping_status":"closed","template":"views\/template-expertise.blade.php","meta":{"om_disable_all_campaigns":false,"_monsterinsights_skip_tracking":false,"_monsterinsights_sitenote_active":false,"_monsterinsights_sitenote_note":"","_monsterinsights_sitenote_category":0,"footnotes":""},"class_list":["post-6691","page","type-page","status-publish","hentry"],"acf":[],"yoast_head":"<!-- This site is optimized with the Yoast SEO plugin v27.2 - https:\/\/yoast.com\/product\/yoast-seo-wordpress\/ -->\n<title>X\u00e2y D\u1ef1ng Ni\u1ec1m Tin v\u00e0 Gi\u00e1 Tr\u1ecb Trong Th\u01b0\u01a1ng Hi\u1ec7u \u0110\u1ea7u T\u01b0 - Sedgwick Richardson<\/title>\n<meta name=\"robots\" content=\"index, follow, max-snippet:-1, max-image-preview:large, max-video-preview:-1\" \/>\n<link rel=\"canonical\" href=\"https:\/\/www.sedgwick-richardson.com\/vi\/expertise\/investment-branding\/\" \/>\n<meta property=\"og:locale\" content=\"vi_VN\" \/>\n<meta property=\"og:type\" content=\"article\" \/>\n<meta property=\"og:title\" content=\"X\u00e2y D\u1ef1ng Ni\u1ec1m Tin v\u00e0 Gi\u00e1 Tr\u1ecb Trong Th\u01b0\u01a1ng Hi\u1ec7u \u0110\u1ea7u T\u01b0 - Sedgwick Richardson\" \/>\n<meta property=\"og:description\" content=\"Ni\u1ec1m tin x\u00e2y d\u1ef1ng gi\u00e1 tr\u1ecb\" \/>\n<meta property=\"og:url\" content=\"https:\/\/www.sedgwick-richardson.com\/vi\/expertise\/investment-branding\/\" \/>\n<meta property=\"og:site_name\" content=\"Sedgwick Richardson\" \/>\n<meta property=\"article:publisher\" content=\"https:\/\/www.facebook.com\/sedgwickrichardson\/\" \/>\n<meta property=\"article:modified_time\" content=\"2025-07-10T14:26:17+00:00\" \/>\n<meta name=\"twitter:card\" content=\"summary_large_image\" \/>\n<meta name=\"twitter:label1\" content=\"Est. reading time\" \/>\n\t<meta name=\"twitter:data1\" content=\"1 minute\" \/>\n<script type=\"application\/ld+json\" class=\"yoast-schema-graph\">{\"@context\":\"https:\/\/schema.org\",\"@graph\":[{\"@type\":\"WebPage\",\"@id\":\"https:\/\/www.sedgwick-richardson.com\/vi\/expertise\/investment-branding\/\",\"url\":\"https:\/\/www.sedgwick-richardson.com\/vi\/expertise\/investment-branding\/\",\"name\":\"X\u00e2y D\u1ef1ng Ni\u1ec1m Tin v\u00e0 Gi\u00e1 Tr\u1ecb Trong Th\u01b0\u01a1ng Hi\u1ec7u \u0110\u1ea7u T\u01b0 - Sedgwick Richardson\",\"isPartOf\":{\"@id\":\"https:\/\/www.sedgwick-richardson.com\/#website\"},\"datePublished\":\"2022-09-23T04:23:19+00:00\",\"dateModified\":\"2025-07-10T14:26:17+00:00\",\"breadcrumb\":{\"@id\":\"https:\/\/www.sedgwick-richardson.com\/vi\/expertise\/investment-branding\/#breadcrumb\"},\"inLanguage\":\"vi-VN\",\"potentialAction\":[{\"@type\":\"ReadAction\",\"target\":[\"https:\/\/www.sedgwick-richardson.com\/vi\/expertise\/investment-branding\/\"]}]},{\"@type\":\"BreadcrumbList\",\"@id\":\"https:\/\/www.sedgwick-richardson.com\/vi\/expertise\/investment-branding\/#breadcrumb\",\"itemListElement\":[{\"@type\":\"ListItem\",\"position\":1,\"name\":\"Chuy\u00ean m\u00f4n\",\"item\":\"https:\/\/sedgwick-richardson.com\/vi\/expertise\/\"},{\"@type\":\"ListItem\",\"position\":2,\"name\":\"Th\u01b0\u01a1ng hi\u1ec7u Nh\u00e0 \u0111\u1ea7u t\u01b0\"}]},{\"@type\":\"WebSite\",\"@id\":\"https:\/\/www.sedgwick-richardson.com\/#website\",\"url\":\"https:\/\/www.sedgwick-richardson.com\/\",\"name\":\"Sedgwick Richardson\",\"description\":\"\",\"publisher\":{\"@id\":\"https:\/\/www.sedgwick-richardson.com\/#organization\"},\"potentialAction\":[{\"@type\":\"SearchAction\",\"target\":{\"@type\":\"EntryPoint\",\"urlTemplate\":\"https:\/\/www.sedgwick-richardson.com\/?s={search_term_string}\"},\"query-input\":{\"@type\":\"PropertyValueSpecification\",\"valueRequired\":true,\"valueName\":\"search_term_string\"}}],\"inLanguage\":\"vi-VN\"},{\"@type\":\"Organization\",\"@id\":\"https:\/\/www.sedgwick-richardson.com\/#organization\",\"name\":\"Sedgwick Richardson\",\"url\":\"https:\/\/www.sedgwick-richardson.com\/\",\"logo\":{\"@type\":\"ImageObject\",\"inLanguage\":\"vi-VN\",\"@id\":\"https:\/\/www.sedgwick-richardson.com\/#\/schema\/logo\/image\/\",\"url\":\"https:\/\/www.sedgwick-richardson.com\/wp-content\/uploads\/2025\/11\/logo-sr-shema.png\",\"contentUrl\":\"https:\/\/www.sedgwick-richardson.com\/wp-content\/uploads\/2025\/11\/logo-sr-shema.png\",\"width\":1147,\"height\":562,\"caption\":\"Sedgwick Richardson\"},\"image\":{\"@id\":\"https:\/\/www.sedgwick-richardson.com\/#\/schema\/logo\/image\/\"},\"sameAs\":[\"https:\/\/www.facebook.com\/sedgwickrichardson\/\"]}]}<\/script>\n<!-- \/ Yoast SEO plugin. -->","yoast_head_json":{"title":"X\u00e2y D\u1ef1ng Ni\u1ec1m Tin v\u00e0 Gi\u00e1 Tr\u1ecb Trong Th\u01b0\u01a1ng Hi\u1ec7u \u0110\u1ea7u T\u01b0 - Sedgwick Richardson","robots":{"index":"index","follow":"follow","max-snippet":"max-snippet:-1","max-image-preview":"max-image-preview:large","max-video-preview":"max-video-preview:-1"},"canonical":"https:\/\/www.sedgwick-richardson.com\/vi\/expertise\/investment-branding\/","og_locale":"vi_VN","og_type":"article","og_title":"X\u00e2y D\u1ef1ng Ni\u1ec1m Tin v\u00e0 Gi\u00e1 Tr\u1ecb Trong Th\u01b0\u01a1ng Hi\u1ec7u \u0110\u1ea7u T\u01b0 - Sedgwick Richardson","og_description":"Ni\u1ec1m tin x\u00e2y d\u1ef1ng gi\u00e1 tr\u1ecb","og_url":"https:\/\/www.sedgwick-richardson.com\/vi\/expertise\/investment-branding\/","og_site_name":"Sedgwick Richardson","article_publisher":"https:\/\/www.facebook.com\/sedgwickrichardson\/","article_modified_time":"2025-07-10T14:26:17+00:00","twitter_card":"summary_large_image","twitter_misc":{"Est. reading time":"1 minute"},"schema":{"@context":"https:\/\/schema.org","@graph":[{"@type":"WebPage","@id":"https:\/\/www.sedgwick-richardson.com\/vi\/expertise\/investment-branding\/","url":"https:\/\/www.sedgwick-richardson.com\/vi\/expertise\/investment-branding\/","name":"X\u00e2y D\u1ef1ng Ni\u1ec1m Tin v\u00e0 Gi\u00e1 Tr\u1ecb Trong Th\u01b0\u01a1ng Hi\u1ec7u \u0110\u1ea7u T\u01b0 - Sedgwick Richardson","isPartOf":{"@id":"https:\/\/www.sedgwick-richardson.com\/#website"},"datePublished":"2022-09-23T04:23:19+00:00","dateModified":"2025-07-10T14:26:17+00:00","breadcrumb":{"@id":"https:\/\/www.sedgwick-richardson.com\/vi\/expertise\/investment-branding\/#breadcrumb"},"inLanguage":"vi-VN","potentialAction":[{"@type":"ReadAction","target":["https:\/\/www.sedgwick-richardson.com\/vi\/expertise\/investment-branding\/"]}]},{"@type":"BreadcrumbList","@id":"https:\/\/www.sedgwick-richardson.com\/vi\/expertise\/investment-branding\/#breadcrumb","itemListElement":[{"@type":"ListItem","position":1,"name":"Chuy\u00ean m\u00f4n","item":"https:\/\/sedgwick-richardson.com\/vi\/expertise\/"},{"@type":"ListItem","position":2,"name":"Th\u01b0\u01a1ng hi\u1ec7u Nh\u00e0 \u0111\u1ea7u t\u01b0"}]},{"@type":"WebSite","@id":"https:\/\/www.sedgwick-richardson.com\/#website","url":"https:\/\/www.sedgwick-richardson.com\/","name":"Sedgwick Richardson","description":"","publisher":{"@id":"https:\/\/www.sedgwick-richardson.com\/#organization"},"potentialAction":[{"@type":"SearchAction","target":{"@type":"EntryPoint","urlTemplate":"https:\/\/www.sedgwick-richardson.com\/?s={search_term_string}"},"query-input":{"@type":"PropertyValueSpecification","valueRequired":true,"valueName":"search_term_string"}}],"inLanguage":"vi-VN"},{"@type":"Organization","@id":"https:\/\/www.sedgwick-richardson.com\/#organization","name":"Sedgwick Richardson","url":"https:\/\/www.sedgwick-richardson.com\/","logo":{"@type":"ImageObject","inLanguage":"vi-VN","@id":"https:\/\/www.sedgwick-richardson.com\/#\/schema\/logo\/image\/","url":"https:\/\/www.sedgwick-richardson.com\/wp-content\/uploads\/2025\/11\/logo-sr-shema.png","contentUrl":"https:\/\/www.sedgwick-richardson.com\/wp-content\/uploads\/2025\/11\/logo-sr-shema.png","width":1147,"height":562,"caption":"Sedgwick Richardson"},"image":{"@id":"https:\/\/www.sedgwick-richardson.com\/#\/schema\/logo\/image\/"},"sameAs":["https:\/\/www.facebook.com\/sedgwickrichardson\/"]}]}},"_links":{"self":[{"href":"https:\/\/sedgwick-richardson.com\/vi\/wp-json\/wp\/v2\/pages\/6691","targetHints":{"allow":["GET"]}}],"collection":[{"href":"https:\/\/sedgwick-richardson.com\/vi\/wp-json\/wp\/v2\/pages"}],"about":[{"href":"https:\/\/sedgwick-richardson.com\/vi\/wp-json\/wp\/v2\/types\/page"}],"author":[{"embeddable":true,"href":"https:\/\/sedgwick-richardson.com\/vi\/wp-json\/wp\/v2\/users\/1"}],"replies":[{"embeddable":true,"href":"https:\/\/sedgwick-richardson.com\/vi\/wp-json\/wp\/v2\/comments?post=6691"}],"version-history":[{"count":16,"href":"https:\/\/sedgwick-richardson.com\/vi\/wp-json\/wp\/v2\/pages\/6691\/revisions"}],"predecessor-version":[{"id":23018,"href":"https:\/\/sedgwick-richardson.com\/vi\/wp-json\/wp\/v2\/pages\/6691\/revisions\/23018"}],"up":[{"embeddable":true,"href":"https:\/\/sedgwick-richardson.com\/vi\/wp-json\/wp\/v2\/pages\/6683"}],"wp:attachment":[{"href":"https:\/\/sedgwick-richardson.com\/vi\/wp-json\/wp\/v2\/media?parent=6691"}],"curies":[{"name":"wp","href":"https:\/\/api.w.org\/{rel}","templated":true}]}}