{"id":6695,"date":"2022-10-02T07:47:00","date_gmt":"2022-10-01T23:47:00","guid":{"rendered":"https:\/\/www.sedgwick-richardson.com\/?page_id=6695"},"modified":"2025-07-11T15:02:16","modified_gmt":"2025-07-11T07:02:16","slug":"employer-branding","status":"publish","type":"page","link":"https:\/\/sedgwick-richardson.com\/vi\/expertise\/employer-branding\/","title":{"rendered":"K\u1ebft N\u1ed1i Chi\u1ebfn L\u01b0\u1ee3c V\u1edbi V\u0103n H\u00f3a \u0110\u1ec3 X\u00e2y D\u1ef1ng Th\u01b0\u01a1ng Hi\u1ec7u Nh\u00e0 Tuy\u1ec3n D\u1ee5ng V\u1eefng M\u1ea1nh"},"content":{"rendered":"\n<h4 class=\"wp-block-heading\">N\u01a1i chi\u1ebfn l\u01b0\u1ee3c dung h\u00f2a v\u1edbi v\u0103n h\u00f3a t\u1ed5 ch\u1ee9c. Ch\u00fang t\u00f4i \u0111\u1ea3m b\u1ea3o k\u1ebft qu\u1ea3 l\u00e0 m\u1ed9t th\u01b0\u01a1ng hi\u1ec7u \u0111\u01b0\u1ee3c t\u00f4n tr\u1ecdng \u2013 v\u00e0 \u0111\u01b0\u1ee3c nh\u00e2n vi\u00ean y\u00eau m\u1ebfn.<\/h4>\n\n\n\n<p>CHI\u1ebeN L\u01af\u1ee2C<\/p>\n\n\n\n<ul class=\"wp-block-list\">\n<li>\u0110\u00e1nh gi\u00e1 th\u01b0\u01a1ng hi\u1ec7u nh\u00e0 tuy\u1ec3n d\u1ee5ng v\u00e0 \u0111\u1ed1i s\u00e1nh ti\u00eau chu\u1ea9n<\/li>\n\n\n\n<li>L\u1eadp b\u1ea3n \u0111\u1ed3 h\u00e0nh tr\u00ecnh nh\u00e2n s\u1ef1 v\u00e0 tr\u1ea3i nghi\u1ec7m v\u0103n h\u00f3a doanh nghi\u1ec7p<\/li>\n\n\n\n<li>X\u00e2y d\u1ef1ng chi\u1ebfn l\u01b0\u1ee3c th\u01b0\u01a1ng hi\u1ec7u nh\u00e0 tuy\u1ec3n d\u1ee5ng v\u00e0 \u0110\u1ec1 xu\u1ea5t Gi\u00e1 tr\u1ecb Nh\u00e2n vi\u00ean (EVP)<\/li>\n\n\n\n<li>Chi\u1ebfn l\u01b0\u1ee3c EVP g\u1eafn v\u1edbi ph\u00e1t tri\u1ec3n b\u1ec1n v\u1eefng v\u00e0 thu h\u00fat nh\u00e2n t\u00e0i<\/li>\n\n\n\n<li>L\u1ed9 tr\u00ecnh tri\u1ec3n khai th\u01b0\u01a1ng hi\u1ec7u nh\u00e0 tuy\u1ec3n d\u1ee5ng, ch\u1ec9 s\u1ed1 KPIs v\u00e0 khung \u0111o l\u01b0\u1eddng hi\u1ec7u qu\u1ea3<\/li>\n\n\n\n<li>Ph\u00e1t tri\u1ec3n Tr\u1ea3i nghi\u1ec7m Nh\u00e2n vi\u00ean<\/li>\n<\/ul>\n\n\n\n<p>THI\u1ebeT K\u1ebe <\/p>\n\n\n\n<ul class=\"wp-block-list\">\n<li>X\u00e2y d\u1ef1ng th\u01b0\u01a1ng hi\u1ec7u EVP, h\u1ec7 th\u1ed1ng nh\u1eadn di\u1ec7n h\u00ecnh \u1ea3nh v\u00e0 chi\u1ebfn d\u1ecbch truy\u1ec1n th\u00f4ng<\/li>\n\n\n\n<li>Khung th\u00f4ng \u0111i\u1ec7p v\u00e0 k\u1ec3 chuy\u1ec7n th\u01b0\u01a1ng hi\u1ec7u<\/li>\n\n\n\n<li>\u0110\u1ecba ph\u01b0\u01a1ng h\u00f3a cho c\u00e1c th\u1ecb tr\u01b0\u1eddng nh\u00e2n t\u00e0i \u0111a d\u1ea1ng t\u1ea1i ch\u00e2u \u00c1<\/li>\n\n\n\n<li>B\u1ed9 c\u00f4ng c\u1ee5 th\u01b0\u01a1ng hi\u1ec7u nh\u00e0 tuy\u1ec3n d\u1ee5ng d\u00e0nh cho ph\u00f2ng nh\u00e2n s\u1ef1, tuy\u1ec3n d\u1ee5ng v\u00e0 h\u1ed9i nh\u1eadp nh\u00e2n vi\u00ean m\u1edbi<\/li>\n<\/ul>\n\n\n\n<p>TR\u1ea2I NGHI\u1ec6M <\/p>\n\n\n\n<ul class=\"wp-block-list\">\n<li>X\u00e2y d\u1ef1ng v\u0103n h\u00f3a ph\u00e1t tri\u1ec3n b\u1ec1n v\u1eefng (g\u1eafn k\u1ebft gi\u00e1 tr\u1ecb c\u1ed1t l\u00f5i v\u00e0 \u0111\u1ecbnh h\u01b0\u1edbng l\u00e3nh \u0111\u1ea1o)<\/li>\n\n\n\n<li>C\u00e1c ch\u01b0\u01a1ng tr\u00ecnh v\u00e0 chi\u1ebfn d\u1ecbch g\u1eafn k\u1ebft nh\u00e2n vi\u00ean<\/li>\n\n\n\n<li>Tr\u1ea3i nghi\u1ec7m h\u1ed9i nh\u1eadp v\u00e0 th\u01b0\u01a1ng hi\u1ec7u n\u1ed9i b\u1ed9 m\u1ed9t c\u00e1ch s\u1ed1ng \u0111\u1ed9ng<\/li>\n\n\n\n<li>H\u1ed9i th\u1ea3o h\u00f2a nh\u1eadp th\u01b0\u01a1ng hi\u1ec7u d\u00e0nh cho nh\u00e2n vi\u00ean<\/li>\n\n\n\n<li>Ch\u01b0\u01a1ng tr\u00ecnh \u0111\u1ea1i s\u1ee9 th\u01b0\u01a1ng hi\u1ec7u n\u1ed9i b\u1ed9<\/li>\n<\/ul>\n\n\n\n<p><\/p>\n","protected":false},"excerpt":{"rendered":"<p>Giao thoa v\u0103n ho\u00e1 &#038; chi\u1ebfn l\u01b0\u1ee3c<\/p>\n","protected":false},"author":1,"featured_media":0,"parent":6683,"menu_order":2,"comment_status":"closed","ping_status":"closed","template":"views\/template-expertise.blade.php","meta":{"om_disable_all_campaigns":false,"_monsterinsights_skip_tracking":false,"_monsterinsights_sitenote_active":false,"_monsterinsights_sitenote_note":"","_monsterinsights_sitenote_category":0,"footnotes":""},"class_list":["post-6695","page","type-page","status-publish","hentry"],"acf":[],"yoast_head":"<!-- This site is optimized with the Yoast SEO plugin v27.2 - https:\/\/yoast.com\/product\/yoast-seo-wordpress\/ -->\n<title>K\u1ebft N\u1ed1i Chi\u1ebfn L\u01b0\u1ee3c V\u1edbi V\u0103n H\u00f3a \u0110\u1ec3 X\u00e2y D\u1ef1ng Th\u01b0\u01a1ng Hi\u1ec7u Nh\u00e0 Tuy\u1ec3n D\u1ee5ng V\u1eefng M\u1ea1nh - Sedgwick Richardson<\/title>\n<meta name=\"robots\" content=\"index, follow, max-snippet:-1, max-image-preview:large, max-video-preview:-1\" \/>\n<link rel=\"canonical\" href=\"https:\/\/sedgwick-richardson.com\/vi\/expertise\/employer-branding\/\" \/>\n<meta property=\"og:locale\" content=\"vi_VN\" \/>\n<meta property=\"og:type\" content=\"article\" \/>\n<meta property=\"og:title\" content=\"K\u1ebft N\u1ed1i Chi\u1ebfn L\u01b0\u1ee3c V\u1edbi V\u0103n H\u00f3a \u0110\u1ec3 X\u00e2y D\u1ef1ng Th\u01b0\u01a1ng Hi\u1ec7u Nh\u00e0 Tuy\u1ec3n D\u1ee5ng V\u1eefng M\u1ea1nh - Sedgwick Richardson\" \/>\n<meta property=\"og:description\" content=\"Giao thoa v\u0103n ho\u00e1 &amp; chi\u1ebfn l\u01b0\u1ee3c\" \/>\n<meta property=\"og:url\" content=\"https:\/\/sedgwick-richardson.com\/vi\/expertise\/employer-branding\/\" \/>\n<meta property=\"og:site_name\" content=\"Sedgwick Richardson\" \/>\n<meta property=\"article:publisher\" content=\"https:\/\/www.facebook.com\/sedgwickrichardson\/\" \/>\n<meta property=\"article:modified_time\" content=\"2025-07-11T07:02:16+00:00\" \/>\n<meta name=\"twitter:card\" content=\"summary_large_image\" \/>\n<meta name=\"twitter:label1\" content=\"Est. reading time\" \/>\n\t<meta name=\"twitter:data1\" content=\"1 minute\" \/>\n<script type=\"application\/ld+json\" class=\"yoast-schema-graph\">{\"@context\":\"https:\/\/schema.org\",\"@graph\":[{\"@type\":\"WebPage\",\"@id\":\"https:\/\/sedgwick-richardson.com\/vi\/expertise\/employer-branding\/\",\"url\":\"https:\/\/sedgwick-richardson.com\/vi\/expertise\/employer-branding\/\",\"name\":\"K\u1ebft N\u1ed1i Chi\u1ebfn L\u01b0\u1ee3c V\u1edbi V\u0103n H\u00f3a \u0110\u1ec3 X\u00e2y D\u1ef1ng Th\u01b0\u01a1ng Hi\u1ec7u Nh\u00e0 Tuy\u1ec3n D\u1ee5ng V\u1eefng M\u1ea1nh - Sedgwick Richardson\",\"isPartOf\":{\"@id\":\"https:\/\/www.sedgwick-richardson.com\/#website\"},\"datePublished\":\"2022-10-01T23:47:00+00:00\",\"dateModified\":\"2025-07-11T07:02:16+00:00\",\"breadcrumb\":{\"@id\":\"https:\/\/sedgwick-richardson.com\/vi\/expertise\/employer-branding\/#breadcrumb\"},\"inLanguage\":\"vi-VN\",\"potentialAction\":[{\"@type\":\"ReadAction\",\"target\":[\"https:\/\/sedgwick-richardson.com\/vi\/expertise\/employer-branding\/\"]}]},{\"@type\":\"BreadcrumbList\",\"@id\":\"https:\/\/sedgwick-richardson.com\/vi\/expertise\/employer-branding\/#breadcrumb\",\"itemListElement\":[{\"@type\":\"ListItem\",\"position\":1,\"name\":\"Chuy\u00ean m\u00f4n\",\"item\":\"https:\/\/sedgwick-richardson.com\/vi\/expertise\/\"},{\"@type\":\"ListItem\",\"position\":2,\"name\":\"K\u1ebft N\u1ed1i Chi\u1ebfn L\u01b0\u1ee3c V\u1edbi V\u0103n H\u00f3a \u0110\u1ec3 X\u00e2y D\u1ef1ng Th\u01b0\u01a1ng Hi\u1ec7u Nh\u00e0 Tuy\u1ec3n D\u1ee5ng V\u1eefng M\u1ea1nh\"}]},{\"@type\":\"WebSite\",\"@id\":\"https:\/\/www.sedgwick-richardson.com\/#website\",\"url\":\"https:\/\/www.sedgwick-richardson.com\/\",\"name\":\"Sedgwick Richardson\",\"description\":\"\",\"publisher\":{\"@id\":\"https:\/\/www.sedgwick-richardson.com\/#organization\"},\"potentialAction\":[{\"@type\":\"SearchAction\",\"target\":{\"@type\":\"EntryPoint\",\"urlTemplate\":\"https:\/\/www.sedgwick-richardson.com\/?s={search_term_string}\"},\"query-input\":{\"@type\":\"PropertyValueSpecification\",\"valueRequired\":true,\"valueName\":\"search_term_string\"}}],\"inLanguage\":\"vi-VN\"},{\"@type\":\"Organization\",\"@id\":\"https:\/\/www.sedgwick-richardson.com\/#organization\",\"name\":\"Sedgwick Richardson\",\"url\":\"https:\/\/www.sedgwick-richardson.com\/\",\"logo\":{\"@type\":\"ImageObject\",\"inLanguage\":\"vi-VN\",\"@id\":\"https:\/\/www.sedgwick-richardson.com\/#\/schema\/logo\/image\/\",\"url\":\"https:\/\/www.sedgwick-richardson.com\/wp-content\/uploads\/2025\/11\/logo-sr-shema.png\",\"contentUrl\":\"https:\/\/www.sedgwick-richardson.com\/wp-content\/uploads\/2025\/11\/logo-sr-shema.png\",\"width\":1147,\"height\":562,\"caption\":\"Sedgwick Richardson\"},\"image\":{\"@id\":\"https:\/\/www.sedgwick-richardson.com\/#\/schema\/logo\/image\/\"},\"sameAs\":[\"https:\/\/www.facebook.com\/sedgwickrichardson\/\"]}]}<\/script>\n<!-- \/ Yoast SEO plugin. -->","yoast_head_json":{"title":"K\u1ebft N\u1ed1i Chi\u1ebfn L\u01b0\u1ee3c V\u1edbi V\u0103n H\u00f3a \u0110\u1ec3 X\u00e2y D\u1ef1ng Th\u01b0\u01a1ng Hi\u1ec7u Nh\u00e0 Tuy\u1ec3n D\u1ee5ng V\u1eefng M\u1ea1nh - Sedgwick Richardson","robots":{"index":"index","follow":"follow","max-snippet":"max-snippet:-1","max-image-preview":"max-image-preview:large","max-video-preview":"max-video-preview:-1"},"canonical":"https:\/\/sedgwick-richardson.com\/vi\/expertise\/employer-branding\/","og_locale":"vi_VN","og_type":"article","og_title":"K\u1ebft N\u1ed1i Chi\u1ebfn L\u01b0\u1ee3c V\u1edbi V\u0103n H\u00f3a \u0110\u1ec3 X\u00e2y D\u1ef1ng Th\u01b0\u01a1ng Hi\u1ec7u Nh\u00e0 Tuy\u1ec3n D\u1ee5ng V\u1eefng M\u1ea1nh - Sedgwick Richardson","og_description":"Giao thoa v\u0103n ho\u00e1 & chi\u1ebfn l\u01b0\u1ee3c","og_url":"https:\/\/sedgwick-richardson.com\/vi\/expertise\/employer-branding\/","og_site_name":"Sedgwick Richardson","article_publisher":"https:\/\/www.facebook.com\/sedgwickrichardson\/","article_modified_time":"2025-07-11T07:02:16+00:00","twitter_card":"summary_large_image","twitter_misc":{"Est. reading time":"1 minute"},"schema":{"@context":"https:\/\/schema.org","@graph":[{"@type":"WebPage","@id":"https:\/\/sedgwick-richardson.com\/vi\/expertise\/employer-branding\/","url":"https:\/\/sedgwick-richardson.com\/vi\/expertise\/employer-branding\/","name":"K\u1ebft N\u1ed1i Chi\u1ebfn L\u01b0\u1ee3c V\u1edbi V\u0103n H\u00f3a \u0110\u1ec3 X\u00e2y D\u1ef1ng Th\u01b0\u01a1ng Hi\u1ec7u Nh\u00e0 Tuy\u1ec3n D\u1ee5ng V\u1eefng M\u1ea1nh - Sedgwick Richardson","isPartOf":{"@id":"https:\/\/www.sedgwick-richardson.com\/#website"},"datePublished":"2022-10-01T23:47:00+00:00","dateModified":"2025-07-11T07:02:16+00:00","breadcrumb":{"@id":"https:\/\/sedgwick-richardson.com\/vi\/expertise\/employer-branding\/#breadcrumb"},"inLanguage":"vi-VN","potentialAction":[{"@type":"ReadAction","target":["https:\/\/sedgwick-richardson.com\/vi\/expertise\/employer-branding\/"]}]},{"@type":"BreadcrumbList","@id":"https:\/\/sedgwick-richardson.com\/vi\/expertise\/employer-branding\/#breadcrumb","itemListElement":[{"@type":"ListItem","position":1,"name":"Chuy\u00ean m\u00f4n","item":"https:\/\/sedgwick-richardson.com\/vi\/expertise\/"},{"@type":"ListItem","position":2,"name":"K\u1ebft N\u1ed1i Chi\u1ebfn L\u01b0\u1ee3c V\u1edbi V\u0103n H\u00f3a \u0110\u1ec3 X\u00e2y D\u1ef1ng Th\u01b0\u01a1ng Hi\u1ec7u Nh\u00e0 Tuy\u1ec3n D\u1ee5ng V\u1eefng M\u1ea1nh"}]},{"@type":"WebSite","@id":"https:\/\/www.sedgwick-richardson.com\/#website","url":"https:\/\/www.sedgwick-richardson.com\/","name":"Sedgwick Richardson","description":"","publisher":{"@id":"https:\/\/www.sedgwick-richardson.com\/#organization"},"potentialAction":[{"@type":"SearchAction","target":{"@type":"EntryPoint","urlTemplate":"https:\/\/www.sedgwick-richardson.com\/?s={search_term_string}"},"query-input":{"@type":"PropertyValueSpecification","valueRequired":true,"valueName":"search_term_string"}}],"inLanguage":"vi-VN"},{"@type":"Organization","@id":"https:\/\/www.sedgwick-richardson.com\/#organization","name":"Sedgwick Richardson","url":"https:\/\/www.sedgwick-richardson.com\/","logo":{"@type":"ImageObject","inLanguage":"vi-VN","@id":"https:\/\/www.sedgwick-richardson.com\/#\/schema\/logo\/image\/","url":"https:\/\/www.sedgwick-richardson.com\/wp-content\/uploads\/2025\/11\/logo-sr-shema.png","contentUrl":"https:\/\/www.sedgwick-richardson.com\/wp-content\/uploads\/2025\/11\/logo-sr-shema.png","width":1147,"height":562,"caption":"Sedgwick Richardson"},"image":{"@id":"https:\/\/www.sedgwick-richardson.com\/#\/schema\/logo\/image\/"},"sameAs":["https:\/\/www.facebook.com\/sedgwickrichardson\/"]}]}},"_links":{"self":[{"href":"https:\/\/sedgwick-richardson.com\/vi\/wp-json\/wp\/v2\/pages\/6695","targetHints":{"allow":["GET"]}}],"collection":[{"href":"https:\/\/sedgwick-richardson.com\/vi\/wp-json\/wp\/v2\/pages"}],"about":[{"href":"https:\/\/sedgwick-richardson.com\/vi\/wp-json\/wp\/v2\/types\/page"}],"author":[{"embeddable":true,"href":"https:\/\/sedgwick-richardson.com\/vi\/wp-json\/wp\/v2\/users\/1"}],"replies":[{"embeddable":true,"href":"https:\/\/sedgwick-richardson.com\/vi\/wp-json\/wp\/v2\/comments?post=6695"}],"version-history":[{"count":12,"href":"https:\/\/sedgwick-richardson.com\/vi\/wp-json\/wp\/v2\/pages\/6695\/revisions"}],"predecessor-version":[{"id":23156,"href":"https:\/\/sedgwick-richardson.com\/vi\/wp-json\/wp\/v2\/pages\/6695\/revisions\/23156"}],"up":[{"embeddable":true,"href":"https:\/\/sedgwick-richardson.com\/vi\/wp-json\/wp\/v2\/pages\/6683"}],"wp:attachment":[{"href":"https:\/\/sedgwick-richardson.com\/vi\/wp-json\/wp\/v2\/media?parent=6695"}],"curies":[{"name":"wp","href":"https:\/\/api.w.org\/{rel}","templated":true}]}}