{"id":6700,"date":"2022-09-23T12:22:44","date_gmt":"2022-09-23T04:22:44","guid":{"rendered":"https:\/\/www.sedgwick-richardson.com\/?page_id=6700"},"modified":"2025-07-10T22:23:06","modified_gmt":"2025-07-10T14:23:06","slug":"sustainability","status":"publish","type":"page","link":"https:\/\/sedgwick-richardson.com\/vi\/expertise\/sustainability\/","title":{"rendered":"Chuy\u1ec3n H\u00f3a Th\u00e1ch Th\u1ee9c Th\u00e0nh C\u01a1 H\u1ed9i Trong H\u00e0nh Tr\u00ecnh Ph\u00e1t Tri\u1ec3n B\u1ec1n V\u1eefng"},"content":{"rendered":"\n<h4 class=\"wp-block-heading\">Th\u00e1ch th\u1ee9c l\u1edbn nh\u1ea5t c\u0169ng ch\u00ednh l\u00e0 c\u01a1 h\u1ed9i l\u1edbn nh\u1ea5t. \u0110\u1ed9i ng\u0169 chuy\u00ean gia c\u1ee7a ch\u00fang t\u00f4i \u01b0u ti\u00ean vi\u1ec7c ph\u00e1t tri\u1ec3n b\u1ec1n v\u1eefng tr\u1edf th\u00e0nh tr\u1ecdng t\u00e2m th\u01b0\u01a1ng hi\u1ec7u m\u1ed9t c\u00e1ch thuy\u1ebft ph\u1ee5c, th\u00fac \u0111\u1ea9y c\u00e1c gi\u1ea3i ph\u00e1p ki\u1ebfn t\u1ea1o gi\u00e1 tr\u1ecb chung.<\/h4>\n\n\n\n<h6 class=\"wp-block-heading\">Chi\u1ebfn l\u01b0\u1ee3c<\/h6>\n\n\n\n<ul class=\"wp-block-list\">\n<li>Ki\u1ec3m to\u00e1n ph\u00e1t tri\u1ec3n b\u1ec1n v\u1eefng, \u0111\u00e1nh gi\u00e1 m\u1ee9c \u0111\u1ed9 tr\u01b0\u1edfng th\u00e0nh v\u00e0 \u0111\u1ed1i s\u00e1nh ti\u00eau chu\u1ea9n<\/li>\n\n\n\n<li>L\u1eadp b\u1ea3n \u0111\u1ed3 t\u00e1c \u0111\u1ed9ng, r\u1ee7i ro v\u00e0 c\u01a1 h\u1ed9i tr\u00ean to\u00e0n chu\u1ed7i gi\u00e1 tr\u1ecb<\/li>\n\n\n\n<li>Tham v\u1ea5n c\u00e1c b\u00ean li\u00ean quan v\u00e0 \u0111\u00e1nh gi\u00e1 t\u00ednh tr\u1ecdng y\u1ebfu k\u00e9p<\/li>\n\n\n\n<li>\u0110\u00e1nh gi\u00e1 r\u1ee7i ro v\u1ec1 kh\u00ed h\u1eadu, thi\u00ean nhi\u00ean v\u00e0 chu\u1ed7i cung \u1ee9ng<\/li>\n\n\n\n<li>Thi\u1ebft k\u1ebf h\u1ec7 th\u1ed1ng d\u1eef li\u1ec7u ESG, ph\u00e2n t\u00edch v\u00e0 cung c\u1ea5p th\u00f4ng tin chuy\u00ean s\u00e2u<\/li>\n\n\n\n<li>X\u00e2y d\u1ef1ng chi\u1ebfn l\u01b0\u1ee3c, m\u1ee5c ti\u00eau v\u00e0 l\u1ed9 tr\u00ecnh ph\u00e1t tri\u1ec3n b\u1ec1n v\u1eefng<\/li>\n\n\n\n<li>T\u01b0 v\u1ea5n tu\u00e2n th\u1ee7 quy \u0111\u1ecbnh, b\u00e1o c\u00e1o v\u00e0 c\u00f4ng b\u1ed1 th\u00f4ng tin (bao g\u1ed3m c\u1ea3 n\u1ed9i dung vi\u1ebft)<\/li>\n\n\n\n<li>Thi\u1ebft k\u1ebf c\u01a1 c\u1ea5u qu\u1ea3n tr\u1ecb, x\u00e2y d\u1ef1ng quy t\u1eafc v\u00e0 ch\u00ednh s\u00e1ch<\/li>\n\n\n\n<li>T\u01b0 v\u1ea5n x\u1ebfp h\u1ea1ng ESG v\u00e0 \u0111\u1ecbnh v\u1ecb th\u01b0\u01a1ng hi\u1ec7u v\u1edbi nh\u00e0 \u0111\u1ea7u t\u01b0<\/li>\n<\/ul>\n\n\n\n<h6 class=\"wp-block-heading\">THI\u1ebeT K\u1ebe <\/h6>\n\n\n\n<ul class=\"wp-block-list\">\n<li>Khung chi\u1ebfn l\u01b0\u1ee3c ph\u00e1t tri\u1ec3n b\u1ec1n v\u1eefng mang b\u1ea3n s\u1eafc th\u01b0\u01a1ng hi\u1ec7u<\/li>\n\n\n\n<li>Thi\u1ebft k\u1ebf b\u1ed1 c\u1ee5c b\u00e1o c\u00e1o ph\u00e1t tri\u1ec3n b\u1ec1n v\u1eefng v\u00e0 b\u00e1o c\u00e1o t\u00edch h\u1ee3p<\/li>\n\n\n\n<li>Tr\u1ef1c quan h\u00f3a d\u1eef li\u1ec7u ESG v\u00e0 truy\u1ec1n th\u00f4ng t\u00e1c \u0111\u1ed9ng<\/li>\n\n\n\n<li>B\u1ed9 c\u00f4ng c\u1ee5 th\u00f4ng \u0111i\u1ec7p, k\u1ec3 chuy\u1ec7n v\u00e0 chi\u1ebfn d\u1ecbch truy\u1ec1n th\u00f4ng<\/li>\n\n\n\n<li>Tr\u1ea3i nghi\u1ec7m s\u1ed1 v\u1ec1 ph\u00e1t tri\u1ec3n b\u1ec1n v\u1eefng (website, microsite)<\/li>\n<\/ul>\n\n\n\n<h6 class=\"wp-block-heading\">TR\u1ea2I NGHI\u1ec6M<\/h6>\n\n\n\n<ul class=\"wp-block-list\">\n<li>X\u00e2y d\u1ef1ng v\u0103n h\u00f3a ph\u00e1t tri\u1ec3n b\u1ec1n v\u1eefng (EVP, gi\u00e1 tr\u1ecb c\u1ed1t l\u00f5i, \u0111\u1ecbnh h\u01b0\u1edbng l\u00e3nh \u0111\u1ea1o)<\/li>\n\n\n\n<li>\u0110\u00e0o t\u1ea1o ph\u00e1t tri\u1ec3n b\u1ec1n v\u1eefng theo nh\u00f3m m\u1ee5c ti\u00eau (ban l\u00e3nh \u0111\u1ea1o, nh\u00e2n vi\u00ean, nh\u00e0 cung c\u1ea5p)<\/li>\n\n\n\n<li>\u0110\u00e0o t\u1ea1o ch\u1ed1ng \u201cgreenwashing\u201d v\u00e0 b\u1ed9 h\u01b0\u1edbng d\u1eabn chuy\u00ean bi\u1ec7t theo ng\u00e0nh<\/li>\n\n\n\n<li>C\u00e1c ch\u01b0\u01a1ng tr\u00ecnh ph\u00e1t tri\u1ec3n b\u1ec1n v\u1eefng tr\u1ea3i nghi\u1ec7m v\u00e0 k\u00edch ho\u1ea1t th\u01b0\u01a1ng hi\u1ec7u<\/li>\n\n\n\n<li>C\u00e1c \u0111i\u1ec3m ch\u1ea1m g\u1eafn v\u1edbi ph\u00e1t tri\u1ec3n b\u1ec1n v\u1eefng tr\u00ean to\u00e0n h\u00e0nh tr\u00ecnh c\u1ee7a c\u00e1c b\u00ean li\u00ean quan<\/li>\n<\/ul>\n\n\n\n<p><\/p>\n","protected":false},"excerpt":{"rendered":"<p>Bi\u1ebfn th\u00e1ch th\u1ee9c th\u00e0nh c\u01a1 h\u1ed9i<\/p>\n","protected":false},"author":1,"featured_media":0,"parent":6683,"menu_order":3,"comment_status":"closed","ping_status":"closed","template":"views\/template-expertise.blade.php","meta":{"om_disable_all_campaigns":false,"_monsterinsights_skip_tracking":false,"_monsterinsights_sitenote_active":false,"_monsterinsights_sitenote_note":"","_monsterinsights_sitenote_category":0,"footnotes":""},"class_list":["post-6700","page","type-page","status-publish","hentry"],"acf":[],"yoast_head":"<!-- This site is optimized with the Yoast SEO plugin v27.2 - https:\/\/yoast.com\/product\/yoast-seo-wordpress\/ -->\n<title>Chuy\u1ec3n H\u00f3a Th\u00e1ch Th\u1ee9c Th\u00e0nh C\u01a1 H\u1ed9i Trong H\u00e0nh Tr\u00ecnh Ph\u00e1t Tri\u1ec3n B\u1ec1n V\u1eefng - Sedgwick Richardson<\/title>\n<meta name=\"robots\" content=\"index, follow, max-snippet:-1, max-image-preview:large, max-video-preview:-1\" \/>\n<link rel=\"canonical\" href=\"https:\/\/sedgwick-richardson.com\/vi\/expertise\/sustainability\/\" \/>\n<meta property=\"og:locale\" content=\"vi_VN\" \/>\n<meta property=\"og:type\" content=\"article\" \/>\n<meta property=\"og:title\" content=\"Chuy\u1ec3n H\u00f3a Th\u00e1ch Th\u1ee9c Th\u00e0nh C\u01a1 H\u1ed9i Trong H\u00e0nh Tr\u00ecnh Ph\u00e1t Tri\u1ec3n B\u1ec1n V\u1eefng - Sedgwick Richardson\" \/>\n<meta property=\"og:description\" content=\"Bi\u1ebfn th\u00e1ch th\u1ee9c th\u00e0nh c\u01a1 h\u1ed9i\" \/>\n<meta property=\"og:url\" content=\"https:\/\/sedgwick-richardson.com\/vi\/expertise\/sustainability\/\" \/>\n<meta property=\"og:site_name\" content=\"Sedgwick Richardson\" \/>\n<meta property=\"article:publisher\" content=\"https:\/\/www.facebook.com\/sedgwickrichardson\/\" \/>\n<meta property=\"article:modified_time\" content=\"2025-07-10T14:23:06+00:00\" \/>\n<meta name=\"twitter:card\" content=\"summary_large_image\" \/>\n<meta name=\"twitter:label1\" content=\"Est. reading time\" \/>\n\t<meta name=\"twitter:data1\" content=\"1 minute\" \/>\n<script type=\"application\/ld+json\" class=\"yoast-schema-graph\">{\"@context\":\"https:\/\/schema.org\",\"@graph\":[{\"@type\":\"WebPage\",\"@id\":\"https:\/\/sedgwick-richardson.com\/vi\/expertise\/sustainability\/\",\"url\":\"https:\/\/sedgwick-richardson.com\/vi\/expertise\/sustainability\/\",\"name\":\"Chuy\u1ec3n H\u00f3a Th\u00e1ch Th\u1ee9c Th\u00e0nh C\u01a1 H\u1ed9i Trong H\u00e0nh Tr\u00ecnh Ph\u00e1t Tri\u1ec3n B\u1ec1n V\u1eefng - Sedgwick Richardson\",\"isPartOf\":{\"@id\":\"https:\/\/www.sedgwick-richardson.com\/#website\"},\"datePublished\":\"2022-09-23T04:22:44+00:00\",\"dateModified\":\"2025-07-10T14:23:06+00:00\",\"breadcrumb\":{\"@id\":\"https:\/\/sedgwick-richardson.com\/vi\/expertise\/sustainability\/#breadcrumb\"},\"inLanguage\":\"vi-VN\",\"potentialAction\":[{\"@type\":\"ReadAction\",\"target\":[\"https:\/\/sedgwick-richardson.com\/vi\/expertise\/sustainability\/\"]}]},{\"@type\":\"BreadcrumbList\",\"@id\":\"https:\/\/sedgwick-richardson.com\/vi\/expertise\/sustainability\/#breadcrumb\",\"itemListElement\":[{\"@type\":\"ListItem\",\"position\":1,\"name\":\"Chuy\u00ean m\u00f4n\",\"item\":\"https:\/\/sedgwick-richardson.com\/vi\/expertise\/\"},{\"@type\":\"ListItem\",\"position\":2,\"name\":\"Chuy\u1ec3n H\u00f3a Th\u00e1ch Th\u1ee9c Th\u00e0nh C\u01a1 H\u1ed9i Trong H\u00e0nh Tr\u00ecnh Ph\u00e1t Tri\u1ec3n B\u1ec1n V\u1eefng\"}]},{\"@type\":\"WebSite\",\"@id\":\"https:\/\/www.sedgwick-richardson.com\/#website\",\"url\":\"https:\/\/www.sedgwick-richardson.com\/\",\"name\":\"Sedgwick Richardson\",\"description\":\"\",\"publisher\":{\"@id\":\"https:\/\/www.sedgwick-richardson.com\/#organization\"},\"potentialAction\":[{\"@type\":\"SearchAction\",\"target\":{\"@type\":\"EntryPoint\",\"urlTemplate\":\"https:\/\/www.sedgwick-richardson.com\/?s={search_term_string}\"},\"query-input\":{\"@type\":\"PropertyValueSpecification\",\"valueRequired\":true,\"valueName\":\"search_term_string\"}}],\"inLanguage\":\"vi-VN\"},{\"@type\":\"Organization\",\"@id\":\"https:\/\/www.sedgwick-richardson.com\/#organization\",\"name\":\"Sedgwick Richardson\",\"url\":\"https:\/\/www.sedgwick-richardson.com\/\",\"logo\":{\"@type\":\"ImageObject\",\"inLanguage\":\"vi-VN\",\"@id\":\"https:\/\/www.sedgwick-richardson.com\/#\/schema\/logo\/image\/\",\"url\":\"https:\/\/www.sedgwick-richardson.com\/wp-content\/uploads\/2025\/11\/logo-sr-shema.png\",\"contentUrl\":\"https:\/\/www.sedgwick-richardson.com\/wp-content\/uploads\/2025\/11\/logo-sr-shema.png\",\"width\":1147,\"height\":562,\"caption\":\"Sedgwick Richardson\"},\"image\":{\"@id\":\"https:\/\/www.sedgwick-richardson.com\/#\/schema\/logo\/image\/\"},\"sameAs\":[\"https:\/\/www.facebook.com\/sedgwickrichardson\/\"]}]}<\/script>\n<!-- \/ Yoast SEO plugin. -->","yoast_head_json":{"title":"Chuy\u1ec3n H\u00f3a Th\u00e1ch Th\u1ee9c Th\u00e0nh C\u01a1 H\u1ed9i Trong H\u00e0nh Tr\u00ecnh Ph\u00e1t Tri\u1ec3n B\u1ec1n V\u1eefng - Sedgwick Richardson","robots":{"index":"index","follow":"follow","max-snippet":"max-snippet:-1","max-image-preview":"max-image-preview:large","max-video-preview":"max-video-preview:-1"},"canonical":"https:\/\/sedgwick-richardson.com\/vi\/expertise\/sustainability\/","og_locale":"vi_VN","og_type":"article","og_title":"Chuy\u1ec3n H\u00f3a Th\u00e1ch Th\u1ee9c Th\u00e0nh C\u01a1 H\u1ed9i Trong H\u00e0nh Tr\u00ecnh Ph\u00e1t Tri\u1ec3n B\u1ec1n V\u1eefng - Sedgwick Richardson","og_description":"Bi\u1ebfn th\u00e1ch th\u1ee9c th\u00e0nh c\u01a1 h\u1ed9i","og_url":"https:\/\/sedgwick-richardson.com\/vi\/expertise\/sustainability\/","og_site_name":"Sedgwick Richardson","article_publisher":"https:\/\/www.facebook.com\/sedgwickrichardson\/","article_modified_time":"2025-07-10T14:23:06+00:00","twitter_card":"summary_large_image","twitter_misc":{"Est. reading time":"1 minute"},"schema":{"@context":"https:\/\/schema.org","@graph":[{"@type":"WebPage","@id":"https:\/\/sedgwick-richardson.com\/vi\/expertise\/sustainability\/","url":"https:\/\/sedgwick-richardson.com\/vi\/expertise\/sustainability\/","name":"Chuy\u1ec3n H\u00f3a Th\u00e1ch Th\u1ee9c Th\u00e0nh C\u01a1 H\u1ed9i Trong H\u00e0nh Tr\u00ecnh Ph\u00e1t Tri\u1ec3n B\u1ec1n V\u1eefng - Sedgwick Richardson","isPartOf":{"@id":"https:\/\/www.sedgwick-richardson.com\/#website"},"datePublished":"2022-09-23T04:22:44+00:00","dateModified":"2025-07-10T14:23:06+00:00","breadcrumb":{"@id":"https:\/\/sedgwick-richardson.com\/vi\/expertise\/sustainability\/#breadcrumb"},"inLanguage":"vi-VN","potentialAction":[{"@type":"ReadAction","target":["https:\/\/sedgwick-richardson.com\/vi\/expertise\/sustainability\/"]}]},{"@type":"BreadcrumbList","@id":"https:\/\/sedgwick-richardson.com\/vi\/expertise\/sustainability\/#breadcrumb","itemListElement":[{"@type":"ListItem","position":1,"name":"Chuy\u00ean m\u00f4n","item":"https:\/\/sedgwick-richardson.com\/vi\/expertise\/"},{"@type":"ListItem","position":2,"name":"Chuy\u1ec3n H\u00f3a Th\u00e1ch Th\u1ee9c Th\u00e0nh C\u01a1 H\u1ed9i Trong H\u00e0nh Tr\u00ecnh Ph\u00e1t Tri\u1ec3n B\u1ec1n V\u1eefng"}]},{"@type":"WebSite","@id":"https:\/\/www.sedgwick-richardson.com\/#website","url":"https:\/\/www.sedgwick-richardson.com\/","name":"Sedgwick Richardson","description":"","publisher":{"@id":"https:\/\/www.sedgwick-richardson.com\/#organization"},"potentialAction":[{"@type":"SearchAction","target":{"@type":"EntryPoint","urlTemplate":"https:\/\/www.sedgwick-richardson.com\/?s={search_term_string}"},"query-input":{"@type":"PropertyValueSpecification","valueRequired":true,"valueName":"search_term_string"}}],"inLanguage":"vi-VN"},{"@type":"Organization","@id":"https:\/\/www.sedgwick-richardson.com\/#organization","name":"Sedgwick Richardson","url":"https:\/\/www.sedgwick-richardson.com\/","logo":{"@type":"ImageObject","inLanguage":"vi-VN","@id":"https:\/\/www.sedgwick-richardson.com\/#\/schema\/logo\/image\/","url":"https:\/\/www.sedgwick-richardson.com\/wp-content\/uploads\/2025\/11\/logo-sr-shema.png","contentUrl":"https:\/\/www.sedgwick-richardson.com\/wp-content\/uploads\/2025\/11\/logo-sr-shema.png","width":1147,"height":562,"caption":"Sedgwick Richardson"},"image":{"@id":"https:\/\/www.sedgwick-richardson.com\/#\/schema\/logo\/image\/"},"sameAs":["https:\/\/www.facebook.com\/sedgwickrichardson\/"]}]}},"_links":{"self":[{"href":"https:\/\/sedgwick-richardson.com\/vi\/wp-json\/wp\/v2\/pages\/6700","targetHints":{"allow":["GET"]}}],"collection":[{"href":"https:\/\/sedgwick-richardson.com\/vi\/wp-json\/wp\/v2\/pages"}],"about":[{"href":"https:\/\/sedgwick-richardson.com\/vi\/wp-json\/wp\/v2\/types\/page"}],"author":[{"embeddable":true,"href":"https:\/\/sedgwick-richardson.com\/vi\/wp-json\/wp\/v2\/users\/1"}],"replies":[{"embeddable":true,"href":"https:\/\/sedgwick-richardson.com\/vi\/wp-json\/wp\/v2\/comments?post=6700"}],"version-history":[{"count":26,"href":"https:\/\/sedgwick-richardson.com\/vi\/wp-json\/wp\/v2\/pages\/6700\/revisions"}],"predecessor-version":[{"id":23016,"href":"https:\/\/sedgwick-richardson.com\/vi\/wp-json\/wp\/v2\/pages\/6700\/revisions\/23016"}],"up":[{"embeddable":true,"href":"https:\/\/sedgwick-richardson.com\/vi\/wp-json\/wp\/v2\/pages\/6683"}],"wp:attachment":[{"href":"https:\/\/sedgwick-richardson.com\/vi\/wp-json\/wp\/v2\/media?parent=6700"}],"curies":[{"name":"wp","href":"https:\/\/api.w.org\/{rel}","templated":true}]}}