{"id":6704,"date":"2022-09-23T12:22:28","date_gmt":"2022-09-23T04:22:28","guid":{"rendered":"https:\/\/www.sedgwick-richardson.com\/?page_id=6704"},"modified":"2025-07-09T22:59:36","modified_gmt":"2025-07-09T14:59:36","slug":"brand-building","status":"publish","type":"page","link":"https:\/\/sedgwick-richardson.com\/vi\/expertise\/brand-building\/","title":{"rendered":"Bi\u1ebfn M\u1ee5c \u0110\u00edch Th\u00e0nh Ni\u1ec1m Tin V\u00e0 T\u1ea1o D\u1ea5u \u1ea4n Th\u01b0\u01a1ng Hi\u1ec7u"},"content":{"rendered":"\n<h4 class=\"wp-block-heading content-intro\">Nh\u1eefng th\u01b0\u01a1ng hi\u1ec7u \u0111\u00e1ng tin c\u1eady l\u00e0 nh\u1eefng th\u01b0\u01a1ng hi\u1ec7u trung th\u00e0nh v\u1edbi m\u1ee5c \u0111\u00edch c\u1ee7a m\u00ecnh \u2013 c\u00f3 t\u00ednh li\u00ean k\u1ebft, kh\u00e1c bi\u1ec7t v\u00e0 b\u1ec1n v\u1eefng. B\u1eb1ng c\u00e1ch t\u00edch h\u1ee3p chi\u1ebfn l\u01b0\u1ee3c th\u01b0\u01a1ng hi\u1ec7u v\u00e0 ph\u00e1t tri\u1ec3n b\u1ec1n v\u1eefng, ch\u00fang t\u00f4i ki\u1ebfn t\u1ea1o n\u00ean s\u1ef1 chuy\u1ec3n m\u00ecnh cho th\u01b0\u01a1ng hi\u1ec7u.<\/h4>\n\n\n\n<h6 class=\"wp-block-heading\"><strong>CHI\u1ebeN <\/strong>L\u01af\u1ee2C<\/h6>\n\n\n\n<ul class=\"wp-block-list\">\n<li>Chi\u1ebfn l\u01b0\u1ee3c ph\u00e1t tri\u1ec3n b\u1ec1n v\u1eefng <\/li>\n\n\n\n<li>M\u1ee5c \u0111\u00edch, \u0111\u1ecbnh v\u1ecb, t\u00ednh c\u00e1ch th\u01b0\u01a1ng hi\u1ec7u v\u00e0 \u0111\u1ec1 xu\u1ea5t gi\u00e1 tr\u1ecb chung<\/li>\n\n\n\n<li>Chi\u1ebfn l\u01b0\u1ee3c \u0111\u1eb7t t\u00ean v\u00e0 danh m\u1ee5c th\u01b0\u01a1ng hi\u1ec7u<\/li>\n\n\n\n<li>Chi\u1ebfn l\u01b0\u1ee3c th\u00e2m nh\u1eadp th\u1ecb tr\u01b0\u1eddng Ch\u00e2u \u00c1 <\/li>\n\n\n\n<li>H\u01b0\u1edbng \u0111i \u0111\u1ed5i m\u1edbi s\u00e1ng t\u1ea1o <\/li>\n<\/ul>\n\n\n\n<h6 class=\"wp-block-heading\">THI\u1ebeT K\u1ebe <\/h6>\n\n\n\n<ul class=\"wp-block-list\">\n<li>H\u1ec7 th\u1ed1ng nh\u1eadn di\u1ec7n th\u01b0\u01a1ng hi\u1ec7u: Tr\u1ef1c quan v\u00e0 gi\u1ecdng n\u00f3i th\u01b0\u01a1ng hi\u1ec7u<\/li>\n\n\n\n<li>\u0110\u1ecba ph\u01b0\u01a1ng ho\u00e1 th\u01b0\u01a1ng hi\u1ec7u khu v\u1ef1c Ch\u00e2u \u00c1 <\/li>\n\n\n\n<li>Thi\u1ebft k\u1ebf bao b\u00ec s\u1ea3n ph\u1ea9m<\/li>\n<\/ul>\n\n\n\n<h6 class=\"wp-block-heading\">TR\u1ea2I NGHI\u1ec6M<\/h6>\n\n\n\n<ul class=\"wp-block-list\">\n<li>Thi\u1ebft k\u1ebf UX v\u00e0 UI k\u1ef9 thu\u1eadt s\u1ed1 <\/li>\n\n\n\n<li>Video v\u00e0 hi\u1ec7u \u1ee9ng \u0111\u1ed3 ho\u1ea1<\/li>\n\n\n\n<li>X\u00e2y d\u1ef1ng th\u01b0\u01a1ng hi\u1ec7u \u0111a gi\u00e1c quan: giai \u0111i\u1ec7u, h\u01b0\u01a1ng v\u1ecb, m\u00f9i h\u01b0\u01a1ng, c\u1ea3m nh\u1eadn<\/li>\n\n\n\n<li>Thi\u1ebft k\u1ebf m\u00f4i tr\u01b0\u1eddng kh\u00f4ng gian <\/li>\n<\/ul>\n\n\n\n<p><\/p>\n","protected":false},"excerpt":{"rendered":"<p>\u0110\u00fang m\u1ee5c \u0111\u00edch<\/p>\n","protected":false},"author":1,"featured_media":0,"parent":6683,"menu_order":4,"comment_status":"closed","ping_status":"closed","template":"views\/template-expertise.blade.php","meta":{"om_disable_all_campaigns":false,"_monsterinsights_skip_tracking":false,"_monsterinsights_sitenote_active":false,"_monsterinsights_sitenote_note":"","_monsterinsights_sitenote_category":0,"footnotes":""},"class_list":["post-6704","page","type-page","status-publish","hentry"],"acf":[],"yoast_head":"<!-- This site is optimized with the Yoast SEO plugin v27.2 - https:\/\/yoast.com\/product\/yoast-seo-wordpress\/ -->\n<title>Bi\u1ebfn M\u1ee5c \u0110\u00edch Th\u00e0nh Ni\u1ec1m Tin V\u00e0 T\u1ea1o D\u1ea5u \u1ea4n Th\u01b0\u01a1ng Hi\u1ec7u - Sedgwick Richardson<\/title>\n<meta name=\"robots\" content=\"index, follow, max-snippet:-1, max-image-preview:large, max-video-preview:-1\" \/>\n<link rel=\"canonical\" href=\"https:\/\/www.sedgwick-richardson.com\/vi\/expertise\/brand-building\/\" \/>\n<meta property=\"og:locale\" content=\"vi_VN\" \/>\n<meta property=\"og:type\" content=\"article\" \/>\n<meta property=\"og:title\" content=\"Bi\u1ebfn M\u1ee5c \u0110\u00edch Th\u00e0nh Ni\u1ec1m Tin V\u00e0 T\u1ea1o D\u1ea5u \u1ea4n Th\u01b0\u01a1ng Hi\u1ec7u - Sedgwick Richardson\" \/>\n<meta property=\"og:description\" content=\"\u0110\u00fang m\u1ee5c \u0111\u00edch\" \/>\n<meta property=\"og:url\" content=\"https:\/\/www.sedgwick-richardson.com\/vi\/expertise\/brand-building\/\" \/>\n<meta property=\"og:site_name\" content=\"Sedgwick Richardson\" \/>\n<meta property=\"article:publisher\" content=\"https:\/\/www.facebook.com\/sedgwickrichardson\/\" \/>\n<meta property=\"article:modified_time\" content=\"2025-07-09T14:59:36+00:00\" \/>\n<meta name=\"twitter:card\" content=\"summary_large_image\" \/>\n<meta name=\"twitter:label1\" content=\"Est. reading time\" \/>\n\t<meta name=\"twitter:data1\" content=\"1 minute\" \/>\n<script type=\"application\/ld+json\" class=\"yoast-schema-graph\">{\"@context\":\"https:\/\/schema.org\",\"@graph\":[{\"@type\":\"WebPage\",\"@id\":\"https:\/\/www.sedgwick-richardson.com\/vi\/expertise\/brand-building\/\",\"url\":\"https:\/\/www.sedgwick-richardson.com\/vi\/expertise\/brand-building\/\",\"name\":\"Bi\u1ebfn M\u1ee5c \u0110\u00edch Th\u00e0nh Ni\u1ec1m Tin V\u00e0 T\u1ea1o D\u1ea5u \u1ea4n Th\u01b0\u01a1ng Hi\u1ec7u - Sedgwick Richardson\",\"isPartOf\":{\"@id\":\"https:\/\/www.sedgwick-richardson.com\/#website\"},\"datePublished\":\"2022-09-23T04:22:28+00:00\",\"dateModified\":\"2025-07-09T14:59:36+00:00\",\"breadcrumb\":{\"@id\":\"https:\/\/www.sedgwick-richardson.com\/vi\/expertise\/brand-building\/#breadcrumb\"},\"inLanguage\":\"vi-VN\",\"potentialAction\":[{\"@type\":\"ReadAction\",\"target\":[\"https:\/\/www.sedgwick-richardson.com\/vi\/expertise\/brand-building\/\"]}]},{\"@type\":\"BreadcrumbList\",\"@id\":\"https:\/\/www.sedgwick-richardson.com\/vi\/expertise\/brand-building\/#breadcrumb\",\"itemListElement\":[{\"@type\":\"ListItem\",\"position\":1,\"name\":\"Chuy\u00ean m\u00f4n\",\"item\":\"https:\/\/sedgwick-richardson.com\/vi\/expertise\/\"},{\"@type\":\"ListItem\",\"position\":2,\"name\":\"X\u00e2y d\u1ef1ng th\u01b0\u01a1ng hi\u1ec7u\"}]},{\"@type\":\"WebSite\",\"@id\":\"https:\/\/www.sedgwick-richardson.com\/#website\",\"url\":\"https:\/\/www.sedgwick-richardson.com\/\",\"name\":\"Sedgwick Richardson\",\"description\":\"\",\"publisher\":{\"@id\":\"https:\/\/www.sedgwick-richardson.com\/#organization\"},\"potentialAction\":[{\"@type\":\"SearchAction\",\"target\":{\"@type\":\"EntryPoint\",\"urlTemplate\":\"https:\/\/www.sedgwick-richardson.com\/?s={search_term_string}\"},\"query-input\":{\"@type\":\"PropertyValueSpecification\",\"valueRequired\":true,\"valueName\":\"search_term_string\"}}],\"inLanguage\":\"vi-VN\"},{\"@type\":\"Organization\",\"@id\":\"https:\/\/www.sedgwick-richardson.com\/#organization\",\"name\":\"Sedgwick Richardson\",\"url\":\"https:\/\/www.sedgwick-richardson.com\/\",\"logo\":{\"@type\":\"ImageObject\",\"inLanguage\":\"vi-VN\",\"@id\":\"https:\/\/www.sedgwick-richardson.com\/#\/schema\/logo\/image\/\",\"url\":\"https:\/\/www.sedgwick-richardson.com\/wp-content\/uploads\/2025\/11\/logo-sr-shema.png\",\"contentUrl\":\"https:\/\/www.sedgwick-richardson.com\/wp-content\/uploads\/2025\/11\/logo-sr-shema.png\",\"width\":1147,\"height\":562,\"caption\":\"Sedgwick Richardson\"},\"image\":{\"@id\":\"https:\/\/www.sedgwick-richardson.com\/#\/schema\/logo\/image\/\"},\"sameAs\":[\"https:\/\/www.facebook.com\/sedgwickrichardson\/\"]}]}<\/script>\n<!-- \/ Yoast SEO plugin. -->","yoast_head_json":{"title":"Bi\u1ebfn M\u1ee5c \u0110\u00edch Th\u00e0nh Ni\u1ec1m Tin V\u00e0 T\u1ea1o D\u1ea5u \u1ea4n Th\u01b0\u01a1ng Hi\u1ec7u - Sedgwick Richardson","robots":{"index":"index","follow":"follow","max-snippet":"max-snippet:-1","max-image-preview":"max-image-preview:large","max-video-preview":"max-video-preview:-1"},"canonical":"https:\/\/www.sedgwick-richardson.com\/vi\/expertise\/brand-building\/","og_locale":"vi_VN","og_type":"article","og_title":"Bi\u1ebfn M\u1ee5c \u0110\u00edch Th\u00e0nh Ni\u1ec1m Tin V\u00e0 T\u1ea1o D\u1ea5u \u1ea4n Th\u01b0\u01a1ng Hi\u1ec7u - Sedgwick Richardson","og_description":"\u0110\u00fang m\u1ee5c \u0111\u00edch","og_url":"https:\/\/www.sedgwick-richardson.com\/vi\/expertise\/brand-building\/","og_site_name":"Sedgwick Richardson","article_publisher":"https:\/\/www.facebook.com\/sedgwickrichardson\/","article_modified_time":"2025-07-09T14:59:36+00:00","twitter_card":"summary_large_image","twitter_misc":{"Est. reading time":"1 minute"},"schema":{"@context":"https:\/\/schema.org","@graph":[{"@type":"WebPage","@id":"https:\/\/www.sedgwick-richardson.com\/vi\/expertise\/brand-building\/","url":"https:\/\/www.sedgwick-richardson.com\/vi\/expertise\/brand-building\/","name":"Bi\u1ebfn M\u1ee5c \u0110\u00edch Th\u00e0nh Ni\u1ec1m Tin V\u00e0 T\u1ea1o D\u1ea5u \u1ea4n Th\u01b0\u01a1ng Hi\u1ec7u - Sedgwick Richardson","isPartOf":{"@id":"https:\/\/www.sedgwick-richardson.com\/#website"},"datePublished":"2022-09-23T04:22:28+00:00","dateModified":"2025-07-09T14:59:36+00:00","breadcrumb":{"@id":"https:\/\/www.sedgwick-richardson.com\/vi\/expertise\/brand-building\/#breadcrumb"},"inLanguage":"vi-VN","potentialAction":[{"@type":"ReadAction","target":["https:\/\/www.sedgwick-richardson.com\/vi\/expertise\/brand-building\/"]}]},{"@type":"BreadcrumbList","@id":"https:\/\/www.sedgwick-richardson.com\/vi\/expertise\/brand-building\/#breadcrumb","itemListElement":[{"@type":"ListItem","position":1,"name":"Chuy\u00ean m\u00f4n","item":"https:\/\/sedgwick-richardson.com\/vi\/expertise\/"},{"@type":"ListItem","position":2,"name":"X\u00e2y d\u1ef1ng th\u01b0\u01a1ng hi\u1ec7u"}]},{"@type":"WebSite","@id":"https:\/\/www.sedgwick-richardson.com\/#website","url":"https:\/\/www.sedgwick-richardson.com\/","name":"Sedgwick Richardson","description":"","publisher":{"@id":"https:\/\/www.sedgwick-richardson.com\/#organization"},"potentialAction":[{"@type":"SearchAction","target":{"@type":"EntryPoint","urlTemplate":"https:\/\/www.sedgwick-richardson.com\/?s={search_term_string}"},"query-input":{"@type":"PropertyValueSpecification","valueRequired":true,"valueName":"search_term_string"}}],"inLanguage":"vi-VN"},{"@type":"Organization","@id":"https:\/\/www.sedgwick-richardson.com\/#organization","name":"Sedgwick Richardson","url":"https:\/\/www.sedgwick-richardson.com\/","logo":{"@type":"ImageObject","inLanguage":"vi-VN","@id":"https:\/\/www.sedgwick-richardson.com\/#\/schema\/logo\/image\/","url":"https:\/\/www.sedgwick-richardson.com\/wp-content\/uploads\/2025\/11\/logo-sr-shema.png","contentUrl":"https:\/\/www.sedgwick-richardson.com\/wp-content\/uploads\/2025\/11\/logo-sr-shema.png","width":1147,"height":562,"caption":"Sedgwick Richardson"},"image":{"@id":"https:\/\/www.sedgwick-richardson.com\/#\/schema\/logo\/image\/"},"sameAs":["https:\/\/www.facebook.com\/sedgwickrichardson\/"]}]}},"_links":{"self":[{"href":"https:\/\/sedgwick-richardson.com\/vi\/wp-json\/wp\/v2\/pages\/6704","targetHints":{"allow":["GET"]}}],"collection":[{"href":"https:\/\/sedgwick-richardson.com\/vi\/wp-json\/wp\/v2\/pages"}],"about":[{"href":"https:\/\/sedgwick-richardson.com\/vi\/wp-json\/wp\/v2\/types\/page"}],"author":[{"embeddable":true,"href":"https:\/\/sedgwick-richardson.com\/vi\/wp-json\/wp\/v2\/users\/1"}],"replies":[{"embeddable":true,"href":"https:\/\/sedgwick-richardson.com\/vi\/wp-json\/wp\/v2\/comments?post=6704"}],"version-history":[{"count":13,"href":"https:\/\/sedgwick-richardson.com\/vi\/wp-json\/wp\/v2\/pages\/6704\/revisions"}],"predecessor-version":[{"id":22863,"href":"https:\/\/sedgwick-richardson.com\/vi\/wp-json\/wp\/v2\/pages\/6704\/revisions\/22863"}],"up":[{"embeddable":true,"href":"https:\/\/sedgwick-richardson.com\/vi\/wp-json\/wp\/v2\/pages\/6683"}],"wp:attachment":[{"href":"https:\/\/sedgwick-richardson.com\/vi\/wp-json\/wp\/v2\/media?parent=6704"}],"curies":[{"name":"wp","href":"https:\/\/api.w.org\/{rel}","templated":true}]}}